{"id":29,"date":"2018-08-15T23:16:57","date_gmt":"2018-08-15T23:16:57","guid":{"rendered":"http:\/\/www.ortopedianacional.gratishosting.cl\/?page_id=29"},"modified":"2023-04-10T16:17:48","modified_gmt":"2023-04-10T16:17:48","slug":"cuidados-del-munon","status":"publish","type":"page","link":"https:\/\/ortopedianacional.cl\/index.php\/cuidados-del-munon\/","title":{"rendered":"Cuidados del Mu\u00f1on"},"content":{"rendered":"\t<div  class=\"row container \">\n<div class=\"small-12    large-12  columns   \"  ><div class=\"column-inner\"  >\n<h3 class=\"accordion_title\">Cuidados<\/h3><div class=\"accordion\" rel=\"0\"><div class=\"accordion-title\"><a href=\"#\">Cuidados del Mu\u00f1on<\/a><\/div><div class=\"accordion-inner\"><h4 align=\"justify\">Su terapeuta y\/o personal medico deben de ense\u00f1arle a proporcionar los cuidados necesarios para su mu\u00f1\u00f3n. Para evitar que la pies se torne \u00e1spera y escamosa, el mu\u00f1\u00f3n por la ma\u00f1ana y los la tarde con agua y jab\u00f3n neutro. Luego seque bien la piel con una toalla, dando suaves toquecitos con la misma en el mu\u00f1\u00f3n.<\/h4>\n<h4><\/h4>\n<h4 align=\"justify\">Si se forma pliegues en la piel o la cicatriz se contrae habr\u00e1 que tratarla con especial atenci\u00f3n para prevenir infecciones. durante el cuidado del mu\u00f1\u00f3n, este atento ante la posible aparici\u00f3n de infecciones cut\u00e1neas, hematomas o ampollas. Utilice un espejo para examinar la parte trasera de su mu\u00f1\u00f3n, en caso de presentar alg\u00fan tipo de lesi\u00f3n en la piel consulte en la brevedad posible con su medico.<\/h4>\n<h4><\/h4>\n<h4 align=\"justify\">Recuerde, ponerse una pr\u00f3tesis ortop\u00e9dica por la ma\u00f1ana \u2013 inmediatamente despu\u00e9s de haber lavado el mu\u00f1\u00f3n- puede resultar mas dif\u00edcil de los normal, ya que el agua tibia puede provocar una ligera hinchaz\u00f3n de la piel del mu\u00f1\u00f3n.<\/h4>\n<\/div>\n<div class=\"accordion-title\"><a href=\"#\">Cuidados de la pierna sana<\/a><\/div><div class=\"accordion-inner\"><h4 align=\"justify\">Luego de la amputaci\u00f3n, mientras el mu\u00f1\u00f3n no sea capaz de soportar demasiado peso la pierna sana estar\u00e1 sometida a una mayor carga.<\/h4>\n<h4><\/h4>\n<h4 align=\"justify\">Examine su pierna sana tambi\u00e9n con regularidad, preste atenci\u00f3n incluso a cualquier herida peque\u00f1a. Dado que estas tambi\u00e9n pueden causar problemas graves \u2014especialmente en el caso de infecciones- por lo que cualquier herida deber\u00e1 ser tratada inmediatamente por personal medico. Al fin y al cabo, es esencial mantener la pierna sana funcional. Ademas, es importante cortar las u\u00f1as de los pies con regularidad. Para ello, muchos afectados acuden a un pedicuro profesional.<\/h4>\n<h4><\/h4>\n<h4 align=\"justify\">Es importante utilizar un calzado c\u00f3modo. En algunos casos es recomendable el uso de plantillas ortop\u00e9dicas.\u00a0 Ademas del calzado, el uso de calcetines c\u00f3modos tambi\u00e9n es crucial:deber\u00edan estar hechos de lana o algod\u00f3n para que absorban bien el sudor, y la ca\u00f1a no deber\u00eda quedar demasiado apretada para no afectar a la circulaci\u00f3n sangu\u00ednea. Los calcetines deben de ajustarse sin arrugas.<\/h4>\n<h4><\/h4>\n<h4 align=\"justify\">Evite en la medida de lo posible desplazarse utilizando muletas o una silla de ruedas estando descalzo, ya que el riesgo de lesionarse es muy alto.<\/h4>\n<\/div>\n<div class=\"accordion-title\"><a href=\"#\">Hinchaz\u00f3n del mu\u00f1\u00f3n<\/a><\/div><div class=\"accordion-inner\"><h4 style=\"text-align: left;\">Es probable que se produzca una hinchaz\u00f3n del tejido del mu\u00f1\u00f3n despu\u00e9s de la operaci\u00f3n. Esta hinchaz\u00f3n es una reacci\u00f3n normal a la operaci\u00f3n. Se puede prevenir aplicando terapia de compresi\u00f3n.<\/h4>\n<p><img loading=\"lazy\" decoding=\"async\" class=\"alignnone size-full wp-image-626\" src=\"http:\/\/ortopedianacional.cl\/wp-content\/uploads\/2018\/10\/amputado-infracondileo.jpg\" alt=\"\" width=\"273\" height=\"240\" \/><\/p>\n<p>&nbsp;<\/p>\n<\/div>\n<div class=\"accordion-title\"><a href=\"#\">Masajes para el mu\u00f1\u00f3n<\/a><\/div><div class=\"accordion-inner\"><h4 style=\"text-align: left;\">Es probable que se produzca una hinchaz\u00f3n del tejido del mu\u00f1\u00f3n despu\u00e9s de la operaci\u00f3n. Esta hinchaz\u00f3n es una reacci\u00f3n normal a la operaci\u00f3n. Se puede prevenir aplicando terapia de compresi\u00f3n.<\/h4>\n<p><img loading=\"lazy\" decoding=\"async\" class=\"alignnone wp-image-627\" src=\"http:\/\/ortopedianacional.cl\/wp-content\/uploads\/2018\/10\/20.png\" alt=\"\" width=\"401\" height=\"189\" \/><\/p>\n<\/div>\n<\/div>\n<\/div><\/div>\n<\/div>\n  \n\t<div  class=\"row container \">\n<div class=\"small-12    large-12  columns   \"  ><div class=\"column-inner\"  >\n   <div id=\"banner_1385485952\" class=\"ux_banner dark    \"  style=\"height:350px; \" data-height=\"350px\" role=\"banner\">\n                                  <div class=\"banner-bg \"  style=\"background-image:url('https:\/\/ortopedianacional.cl\/wp-content\/uploads\/2018\/10\/Captura-de-pantalla-2018-10-07-a-las-11.26.38-p.m..png'); \"><img decoding=\"async\" src=\"https:\/\/ortopedianacional.cl\/wp-content\/uploads\/2018\/10\/Captura-de-pantalla-2018-10-07-a-las-11.26.38-p.m..png\"  alt=\"\" style=\"visibility:hidden;\" \/><\/div>\n                             <div class=\"row\" >\n          <div class=\"inner center text-center \"  style=\"width:60%;\">\n            <div class=\"inner-wrap animated fadeIn\" style=\" \">\n                          <\/div>\n          <\/div>  \n        <\/div>\n                     <\/div><!-- end .ux_banner -->\n\n<\/div><\/div>\n<\/div>\n  \n\n     \n     <section  class=\"ux-section dark\" style=\"background-color:#033b88!important;padding:0px 0;margin-bottom:0px!important;\">  \n      \n      \n     <div class=\"ux-section-content\">\n\t<div  class=\"row container \">\n<div class=\"small-12    large-3  columns   \"  ><div class=\"column-inner\"  >\n<p><strong>Men\u00fa<\/strong><\/p>\n<ul>\n<li>Quienes Somos<\/li>\n<li>Pacientes<\/li>\n<li>Pr\u00f3tesis<\/li>\n<li>Ortesis<\/li>\n<li>Contacto<\/li>\n<\/ul>\n<\/div><\/div>\n<div class=\"small-12    large-3  columns   \"  ><div class=\"column-inner\"  >\n<p><strong>Pr\u00f3tesis<\/strong><\/p>\n<ul>\n<li>Sistema de anclaje<\/li>\n<li>Articulaci\u00f3n de Cadera<\/li>\n<li>Rodillas Pr\u00f3tesicas<\/li>\n<li>Pies Pr\u00f3tesicos<\/li>\n<li>Transfemorales<\/li>\n<li>Transtibiales<\/li>\n<li>Aqualine<\/li>\n<li>Deportivas<\/li>\n<\/ul>\n<\/div><\/div>\n<div class=\"small-12    large-3  columns   \"  ><div class=\"column-inner\"  >\n<p><strong>\u00d3rtesis<\/strong><\/p>\n<ul>\n<li>Miembro Inferior<\/li>\n<li>Miembro Superior<\/li>\n<li>Columna<\/li>\n<li>Cadera<\/li>\n<li>Craneo<\/li>\n<\/ul>\n<p><img loading=\"lazy\" decoding=\"async\" class=\"alignnone size-medium wp-image-600\" src=\"http:\/\/ortopedianacional.cl\/wp-content\/uploads\/2018\/10\/simbolos-discapacidad-300x65.jpg\" alt=\"\" width=\"300\" height=\"65\" srcset=\"https:\/\/ortopedianacional.cl\/wp-content\/uploads\/2018\/10\/simbolos-discapacidad-300x65.jpg 300w, https:\/\/ortopedianacional.cl\/wp-content\/uploads\/2018\/10\/simbolos-discapacidad.jpg 520w\" sizes=\"(max-width: 300px) 100vw, 300px\" \/><\/p>\n<\/div><\/div>\n<div class=\"small-12    large-3  columns   \"  ><div class=\"column-inner\"  >\n<p><strong>Contacto<\/strong><\/p>\n<ul>\n<li>Telefono\u00a0+569 9619 7481<\/li>\n<li>Direcci\u00f3n Diagonal Paraguay 110- Torre 18 Local 2<\/li>\n<li>Horario de Atenci\u00f3n<\/li>\n<li>Lunes a Viernes de 9.30 hrs a 17.00 hrs<\/li>\n<\/ul>\n<\/div><\/div>\n<\/div>\n  \n<\/div>\n      \n        <\/section><!-- .ux-section -->\n\n  \n","protected":false},"excerpt":{"rendered":"","protected":false},"author":1,"featured_media":0,"parent":0,"menu_order":0,"comment_status":"closed","ping_status":"closed","template":"page-blank.php","meta":{"footnotes":""},"class_list":["post-29","page","type-page","status-publish","hentry"],"_links":{"self":[{"href":"https:\/\/ortopedianacional.cl\/index.php\/wp-json\/wp\/v2\/pages\/29"}],"collection":[{"href":"https:\/\/ortopedianacional.cl\/index.php\/wp-json\/wp\/v2\/pages"}],"about":[{"href":"https:\/\/ortopedianacional.cl\/index.php\/wp-json\/wp\/v2\/types\/page"}],"author":[{"embeddable":true,"href":"https:\/\/ortopedianacional.cl\/index.php\/wp-json\/wp\/v2\/users\/1"}],"replies":[{"embeddable":true,"href":"https:\/\/ortopedianacional.cl\/index.php\/wp-json\/wp\/v2\/comments?post=29"}],"version-history":[{"count":4,"href":"https:\/\/ortopedianacional.cl\/index.php\/wp-json\/wp\/v2\/pages\/29\/revisions"}],"predecessor-version":[{"id":811,"href":"https:\/\/ortopedianacional.cl\/index.php\/wp-json\/wp\/v2\/pages\/29\/revisions\/811"}],"wp:attachment":[{"href":"https:\/\/ortopedianacional.cl\/index.php\/wp-json\/wp\/v2\/media?parent=29"}],"curies":[{"name":"wp","href":"https:\/\/api.w.org\/{rel}","templated":true}]}}