{"id":37,"date":"2018-08-15T23:19:36","date_gmt":"2018-08-15T23:19:36","guid":{"rendered":"http:\/\/www.ortopedianacional.gratishosting.cl\/?page_id=37"},"modified":"2023-04-10T16:24:46","modified_gmt":"2023-04-10T16:24:46","slug":"vendaje-munon","status":"publish","type":"page","link":"https:\/\/ortopedianacional.cl\/index.php\/vendaje-munon\/","title":{"rendered":"Vendaje Mu\u00f1on"},"content":{"rendered":"\t<div  class=\"row container \">\n<div class=\"small-12    large-12  columns   \"  ><div class=\"column-inner\"  >\n<h3>T\u00e9cnicas de compresi\u00f3n \/ Vendajes<\/h3>\n<h4 align=\"justify\">Es probable que se produzca una hinchaz\u00f3n del tejido del mu\u00f1\u00f3n despu\u00e9s de la operaci\u00f3n. Esta hinchaz\u00f3n (edema) es una reacci\u00f3n normal a la operaci\u00f3n. Se puede prevenir aplicando presi\u00f3n por toda la superficie.<\/h4>\n<h4><\/h4>\n<h4 align=\"justify\">El objetivo de aplicar presi\u00f3n por toda la superficie del mu\u00f1\u00f3n es reducir la intensidad del edema del mu\u00f1\u00f3n y dar forma al mu\u00f1\u00f3n para la adaptaci\u00f3n prot\u00e9sica posterior. Esta compresi\u00f3n del mu\u00f1\u00f3n facilita la adaptaci\u00f3n de su pr\u00f3tesis, lo que significa que usted obtendr\u00e1 su adaptaci\u00f3n prot\u00e9sica en menos tiempo. Adem\u00e1s, propicia la circulaci\u00f3n sangu\u00ednea del mu\u00f1\u00f3n mitigando el dolor y favoreciendo el proceso de curaci\u00f3n.<\/h4>\n<h4 align=\"justify\">Se emplean diversas t\u00e9cnicas de compresi\u00f3n: cubrir el mu\u00f1\u00f3n con vendas el\u00e1sticas, usar medias de compresi\u00f3n o llevar una venda prefabricada de silicona conocida con el nombre de liner de silicona.<\/h4>\n<\/div><\/div>\n<\/div>\n  \n\t<div  class=\"row container \">\n<div class=\"small-12    large-12  columns   \"  ><div class=\"column-inner\"  >\n<h3 class=\"accordion_title\">Tipos<\/h3><div class=\"accordion\" rel=\"0\"><div class=\"accordion-title\"><a href=\"#\">Vendajes<\/a><\/div><div class=\"accordion-inner\"><h4 align=\"left\">Una vez retirado el vendaje de la herida o la escayola del mu\u00f1\u00f3n, se aplican vendajes de compresi\u00f3n empleando una t\u00e9cnica especial de vendaje. Su terapeuta o el personal de enfermer\u00eda vendar\u00e1 su mu\u00f1\u00f3n durante los primeros d\u00edas y semanas despu\u00e9s de la operaci\u00f3n. Este tipo algo complicado de compresi\u00f3n con vendas el\u00e1sticas ofrece la ventaja de poder adaptar el vendaje de forma personalizada a su mu\u00f1\u00f3n y nivel de amputaci\u00f3n.<\/h4>\n<h4><\/h4>\n<h4 align=\"left\">El vendaje se quita con frecuencia para examinar la evoluci\u00f3n del mu\u00f1\u00f3n, comprobar si el edema va disminuyendo y ver c\u00f3mo cambia la cicatriz. Al principio, esto se hace a intervalos muy cortos: a veces se vuelve a quitar el vendaje despu\u00e9s de solo media hora para asegurarse de que el mu\u00f1\u00f3n no se ha vendado demasiado apretado ni demasiado flojo. Entonces, con el paso del tiempo el vendaje de compresi\u00f3n se lleva puesto varias horas, p. ej., antes y despu\u00e9s de haber llevado puesta la pr\u00f3tesis provisional.<\/h4>\n<h4><\/h4>\n<h4 align=\"left\">M\u00e1s adelante, el personal de enfermer\u00eda o sus m\u00e9dicos le podr\u00e1n mostrar c\u00f3mo ponerse la venda de compresi\u00f3n por s\u00ed solo. Pida que le expliquen con detalle el proceso de vendaje para evitar errores que podr\u00edan provocar que el mu\u00f1\u00f3n vuelva a hincharse, se irrite o resulte herido por arrugas en el tejido o por vendarlo demasiado apretado. No utilice imperdibles de metal, sino cinta adhesiva para sujetar las vendas. As\u00ed se evita que se produzcan lesiones.<\/h4>\n<h4><\/h4>\n<h4 align=\"left\">Es importante lavar las vendas muy bien. Dado que las vendas absorben el sudor, hay que lavarlas a diario con detergente o jab\u00f3n suaves. A continuaci\u00f3n se recomienda enrollarlas en una toalla para que pierdan la mayor parte del agua. Despu\u00e9s de esto no tienda las vendas; es preferible extenderlas para que se sequen. Solo as\u00ed mantendr\u00e1n su elasticidad.<\/h4>\n<h4><\/h4>\n<h4 align=\"left\">Tiene que llevar puesto el vendaje de compresi\u00f3n todo el tiempo hasta que se cure el mu\u00f1\u00f3n. Tan pronto como todo haya curado y despu\u00e9s de haber consultado a su m\u00e9dico, t\u00e9cnico ortop\u00e9dico o fisioterapeuta, usted podr\u00e1 intentar dormir una noche sin el vendaje. Si a la ma\u00f1ana siguiente el mu\u00f1\u00f3n volviera a presentar una hinchaz\u00f3n pronunciada, habr\u00e1 que continuar con la terapia de compresi\u00f3n.<\/h4>\n<\/div>\n<div class=\"accordion-title\"><a href=\"#\">Vendaje para amputados por ARRIBA de la rodilla:<\/a><\/div><div class=\"accordion-inner\"><h4 align=\"left\">Una vez retirado el vendaje de la herida o la escayola del mu\u00f1\u00f3n, se aplican vendajes de compresi\u00f3n empleando una t\u00e9cnica especial de vendaje. Su terapeuta o el personal de enfermer\u00eda vendar\u00e1 su mu\u00f1\u00f3n durante los primeros d\u00edas y semanas despu\u00e9s de la operaci\u00f3n. Este tipo algo complicado de compresi\u00f3n con vendas el\u00e1sticas ofrece la ventaja de poder adaptar el vendaje de forma personalizada a su mu\u00f1\u00f3n y nivel de amputaci\u00f3n.<\/h4>\n<h4><\/h4>\n<h4 align=\"left\">El vendaje se quita con frecuencia para examinar la evoluci\u00f3n del mu\u00f1\u00f3n, comprobar si el edema va disminuyendo y ver c\u00f3mo cambia la cicatriz. Al principio, esto se hace a intervalos muy cortos: a veces se vuelve a quitar el vendaje despu\u00e9s de solo media hora para asegurarse de que el mu\u00f1\u00f3n no se ha vendado demasiado apretado ni demasiado flojo. Entonces, con el paso del tiempo el vendaje de compresi\u00f3n se lleva puesto varias horas, p. ej., antes y despu\u00e9s de haber llevado puesta la pr\u00f3tesis provisional.<\/h4>\n<h4><\/h4>\n<h4 align=\"left\">M\u00e1s adelante, el personal de enfermer\u00eda o sus m\u00e9dicos le podr\u00e1n mostrar c\u00f3mo ponerse la venda de compresi\u00f3n por s\u00ed solo. Pida que le expliquen con detalle el proceso de vendaje para evitar errores que podr\u00edan provocar que el mu\u00f1\u00f3n vuelva a hincharse, se irrite o resulte herido por arrugas en el tejido o por vendarlo demasiado apretado. No utilice imperdibles de metal, sino cinta adhesiva para sujetar las vendas. As\u00ed se evita que se produzcan lesiones.<\/h4>\n<h4><\/h4>\n<h4 align=\"left\">Es importante lavar las vendas muy bien. Dado que las vendas absorben el sudor, hay que lavarlas a diario con detergente o jab\u00f3n suaves. A continuaci\u00f3n se recomienda enrollarlas en una toalla para que pierdan la mayor parte del agua. Despu\u00e9s de esto no tienda las vendas; es preferible extenderlas para que se sequen. Solo as\u00ed mantendr\u00e1n su elasticidad.<\/h4>\n<h4><\/h4>\n<h4 align=\"left\">Tiene que llevar puesto el vendaje de compresi\u00f3n todo el tiempo hasta que se cure el mu\u00f1\u00f3n. Tan pronto como todo haya curado y despu\u00e9s de haber consultado a su m\u00e9dico, t\u00e9cnico ortop\u00e9dico o fisioterapeuta, usted podr\u00e1 intentar dormir una noche sin el vendaje. Si a la ma\u00f1ana siguiente el mu\u00f1\u00f3n volviera a presentar una hinchaz\u00f3n pronunciada, habr\u00e1 que continuar con la terapia de compresi\u00f3n.<\/h4>\n<div align=\"left\">\u00a0\u00a0<img loading=\"lazy\" decoding=\"async\" class=\"alignnone wp-image-651 size-full\" src=\"http:\/\/ortopedianacional.cl\/wp-content\/uploads\/2018\/10\/21.png\" alt=\"\" width=\"200\" height=\"99\" \/> <img loading=\"lazy\" decoding=\"async\" class=\"alignnone wp-image-652\" src=\"http:\/\/ortopedianacional.cl\/wp-content\/uploads\/2018\/10\/22.png\" alt=\"\" width=\"224\" height=\"99\" \/><\/div>\n<\/div>\n<div class=\"accordion-title\"><a href=\"#\">Vendaje para amputados por ABAJO de la rodilla:<\/a><\/div><div class=\"accordion-inner\"><div align=\"left\">\n<h4 align=\"justify\">M\u00e9todo de vendaje en forma de ocho:<\/h4>\n<h4><\/h4>\n<h4 align=\"justify\">1. Con la rodilla extendida, coloque la venda en la cara anterior del muslo, justo por encima de la rodilla.<\/h4>\n<h4><\/h4>\n<h4 align=\"justify\">2. Desenvuelva la venda haci\u00e9ndola pasar por detr\u00e1s del lado externo del mu\u00f1\u00f3n, rompiendo ligeramente a venda.<\/h4>\n<h4><\/h4>\n<h4 align=\"justify\">3. Lleve la venda por detr\u00e1s de la parte posterior de la rodilla hasta el lado interno del mu\u00f1\u00f3n y a continuaci\u00f3n ll\u00e9vela hacia delante haci\u00e9ndola pasar por debajo de la rodilla y hacia arriba hasta que toque el vendaje en el punto donde lo ha empezado.<\/h4>\n<h4><\/h4>\n<h4 align=\"justify\">4. Haga pasar la venda hacia atr\u00e1s. Haga bajar la venda diagonalmente hacia debajo de la parte posterior del mu\u00f1\u00f3n y se le da una vuelta en el extremo final del mu\u00f1\u00f3n.<\/h4>\n<h4><\/h4>\n<h4 align=\"justify\">5. Se realiza otra vuelta de la venda por encima de la rodilla y se finaliza el vendaje dando varias vueltas al extremo del mu\u00f1\u00f3n.<\/h4>\n<\/div>\n<div align=\"left\">\u00a0\u00a0<img loading=\"lazy\" decoding=\"async\" class=\"alignnone wp-image-653\" src=\"http:\/\/ortopedianacional.cl\/wp-content\/uploads\/2018\/10\/23.png\" alt=\"\" width=\"206\" height=\"99\" \/> <img loading=\"lazy\" decoding=\"async\" class=\"alignnone wp-image-654\" src=\"http:\/\/ortopedianacional.cl\/wp-content\/uploads\/2018\/10\/24.png\" alt=\"\" width=\"225\" height=\"99\" \/><\/div>\n<\/div>\n<div class=\"accordion-title\"><a href=\"#\">Media de Compresi\u00f3n<\/a><\/div><div class=\"accordion-inner\"><div align=\"left\">\n<div align=\"justify\">\n<h4 align=\"justify\">En lugar de vendas, tambi\u00e9n se pueden usar medias de compresi\u00f3n. Estas medias son tambi\u00e9n el\u00e1sticas y est\u00e1n disponibles en varias tallas. Si no le viniese bien ninguna de las tallas est\u00e1ndar, se pueden hacer tambi\u00e9n a medida. Al igual que las vendas el\u00e1sticas, hay que lavar las medias a diario y extenderlas para que se sequen sin perder su elasticidad.<\/h4>\n<h4><\/h4>\n<h4 align=\"justify\">La ventaja de las medias para el mu\u00f1\u00f3n es que se pueden poner y quitar f\u00e1cilmente. Para sujetarlas puede usar ligueros atados a un cintur\u00f3n o un cintur\u00f3n p\u00e9lvico unido firmemente a la media.<\/h4>\n<\/div>\n<\/div>\n<div align=\"left\"><\/div>\n<\/div>\n<div class=\"accordion-title\"><a href=\"#\">Liner<\/a><\/div><div class=\"accordion-inner\"><div align=\"left\">\n<div align=\"justify\">\n<div align=\"justify\">\n<h4 align=\"justify\">Adem\u00e1s de las vendas el\u00e1sticas y las medias para el mu\u00f1\u00f3n, los liners de silicona son otra opci\u00f3n para aplicar compresi\u00f3n. Al igual que las medias para el mu\u00f1\u00f3n, los liners de silicona est\u00e1n disponibles en tallas est\u00e1ndar o hechos a medida. El liner ejerce una presi\u00f3n constante sobre el mu\u00f1\u00f3n, d\u00e1ndole la forma correcta al tiempo que la silicona el\u00e1stica y cuidadosa con la piel vuelve la cicatriz suave y tersa.Liner de compresi\u00f3n<\/h4>\n<h4><\/h4>\n<h4 align=\"justify\">La mejor forma de ponerse el liner es volverlo del rev\u00e9s y desenrollarlo uniformemente sobre el mu\u00f1\u00f3n. En otras palabras, no tire de \u00e9l hacia arriba como si fuese un calcet\u00edn y aseg\u00farese bien de que no se formen arrugas ni burbujas.<\/h4>\n<h4><\/h4>\n<h4 align=\"justify\">Lave su liner a diario con agua tibia y jab\u00f3n dermoprotector sin perfume. Si usted padeciese de sudoraci\u00f3n excesiva, deber\u00eda limpiarlo m\u00e1s de una vez al d\u00eda y usar probablemente un desinfectante. Pida a su t\u00e9cnico ortop\u00e9dico que le explique con detalle los cuidados que hay que darle al liner, y respete las instrucciones de uso.<\/h4>\n<div align=\"justify\"><img loading=\"lazy\" decoding=\"async\" class=\"alignnone size-medium wp-image-650\" src=\"http:\/\/ortopedianacional.cl\/wp-content\/uploads\/2018\/10\/liner-300x220.jpg\" alt=\"\" width=\"300\" height=\"220\" \/><\/div>\n<\/div>\n<\/div>\n<\/div>\n<\/div>\n<\/div>\n<\/div><\/div>\n<\/div>\n  \n\n     \n     <section  class=\"ux-section dark\" style=\"background-color:#033b88!important;padding:0px 0;margin-bottom:0px!important;\">  \n      \n      \n     <div class=\"ux-section-content\">\n\t<div  class=\"row container \">\n<div class=\"small-12    large-3  columns   \"  ><div class=\"column-inner\"  >\n<p><strong>Men\u00fa<\/strong><\/p>\n<ul>\n<li>Quienes Somos<\/li>\n<li>Pacientes<\/li>\n<li>Pr\u00f3tesis<\/li>\n<li>Ortesis<\/li>\n<li>Contacto<\/li>\n<\/ul>\n<\/div><\/div>\n<div class=\"small-12    large-3  columns   \"  ><div class=\"column-inner\"  >\n<p><strong>Pr\u00f3tesis<\/strong><\/p>\n<ul>\n<li>Sistema de anclaje<\/li>\n<li>Articulaci\u00f3n de Cadera<\/li>\n<li>Rodillas Pr\u00f3tesicas<\/li>\n<li>Pies Pr\u00f3tesicos<\/li>\n<li>Transfemorales<\/li>\n<li>Transtibiales<\/li>\n<li>Aqualine<\/li>\n<li>Deportivas<\/li>\n<\/ul>\n<\/div><\/div>\n<div class=\"small-12    large-3  columns   \"  ><div class=\"column-inner\"  >\n<p><strong>\u00d3rtesis<\/strong><\/p>\n<ul>\n<li>Miembro Inferior<\/li>\n<li>Miembro Superior<\/li>\n<li>Columna<\/li>\n<li>Cadera<\/li>\n<li>Craneo<\/li>\n<\/ul>\n<p><img loading=\"lazy\" decoding=\"async\" class=\"alignnone size-medium wp-image-600\" src=\"http:\/\/ortopedianacional.cl\/wp-content\/uploads\/2018\/10\/simbolos-discapacidad-300x65.jpg\" alt=\"\" width=\"300\" height=\"65\" srcset=\"https:\/\/ortopedianacional.cl\/wp-content\/uploads\/2018\/10\/simbolos-discapacidad-300x65.jpg 300w, https:\/\/ortopedianacional.cl\/wp-content\/uploads\/2018\/10\/simbolos-discapacidad.jpg 520w\" sizes=\"(max-width: 300px) 100vw, 300px\" \/><\/p>\n<\/div><\/div>\n<div class=\"small-12    large-3  columns   \"  ><div class=\"column-inner\"  >\n<p><strong>Contacto<\/strong><\/p>\n<ul>\n<li>Telefono\u00a0+569 9619 7481<\/li>\n<li>Direcci\u00f3n Diagonal Paraguay 110- Torre 18 Local 2<\/li>\n<li>Horario de Atenci\u00f3n<\/li>\n<li>Lunes a Viernes de 9.30 hrs a 17.00 hrs<\/li>\n<\/ul>\n<\/div><\/div>\n<\/div>\n  \n<\/div>\n      \n        <\/section><!-- .ux-section -->\n\n  \n","protected":false},"excerpt":{"rendered":"","protected":false},"author":1,"featured_media":0,"parent":0,"menu_order":0,"comment_status":"closed","ping_status":"closed","template":"page-blank.php","meta":{"footnotes":""},"class_list":["post-37","page","type-page","status-publish","hentry"],"_links":{"self":[{"href":"https:\/\/ortopedianacional.cl\/index.php\/wp-json\/wp\/v2\/pages\/37"}],"collection":[{"href":"https:\/\/ortopedianacional.cl\/index.php\/wp-json\/wp\/v2\/pages"}],"about":[{"href":"https:\/\/ortopedianacional.cl\/index.php\/wp-json\/wp\/v2\/types\/page"}],"author":[{"embeddable":true,"href":"https:\/\/ortopedianacional.cl\/index.php\/wp-json\/wp\/v2\/users\/1"}],"replies":[{"embeddable":true,"href":"https:\/\/ortopedianacional.cl\/index.php\/wp-json\/wp\/v2\/comments?post=37"}],"version-history":[{"count":2,"href":"https:\/\/ortopedianacional.cl\/index.php\/wp-json\/wp\/v2\/pages\/37\/revisions"}],"predecessor-version":[{"id":801,"href":"https:\/\/ortopedianacional.cl\/index.php\/wp-json\/wp\/v2\/pages\/37\/revisions\/801"}],"wp:attachment":[{"href":"https:\/\/ortopedianacional.cl\/index.php\/wp-json\/wp\/v2\/media?parent=37"}],"curies":[{"name":"wp","href":"https:\/\/api.w.org\/{rel}","templated":true}]}}