{"id":50,"date":"2018-08-15T23:39:37","date_gmt":"2018-08-15T23:39:37","guid":{"rendered":"http:\/\/www.ortopedianacional.gratishosting.cl\/?page_id=50"},"modified":"2023-04-10T16:26:05","modified_gmt":"2023-04-10T16:26:05","slug":"sistema-de-anclaje","status":"publish","type":"page","link":"https:\/\/ortopedianacional.cl\/index.php\/sistema-de-anclaje\/","title":{"rendered":"Sistema de anclaje"},"content":{"rendered":"\t<div  class=\"row container \">\n<div class=\"small-12    large-12  columns   \"  ><div class=\"column-inner\"  >\n<h3>Sistemas de encaje<\/h3>\n<p>El encaje o socket, es uno de los sistemas m\u00e1s importantes en las pr\u00f3tesis, se trata de una de las partes que hace que la pr\u00f3tesis se fije al cuerpo y la que determina en gran medida si el ajuste es bueno o no. El encaje hace que la pr\u00f3tesis quede sujeta a la persona y lo que permite que las unidades de pie y rodilla funcionen. Casi todas los pacientes con amputaci\u00f3n al igual que nosotros creemos que es la parte m\u00e1s importante de una pr\u00f3tesis<\/p>\n<\/div><\/div>\n<\/div>\n  \n\t<div  class=\"row container \">\n<div class=\"small-12    large-6  columns   \"  ><div class=\"column-inner\"  >\n<\/div><\/div>\n<div class=\"small-12    large-6  columns   \"  ><div class=\"column-inner\"  >\n<\/div><\/div>\n<\/div>\n  \n    \n\t\t \n\t\t<div class=\"row\">\n\t\t\t<div class=\"large-12 columns\">\n\t\t\t\t<h3 class=\"section-title\"><span>Productos<\/span><\/h3>\n\t\t\t<\/div>\n\t\t<\/div><!-- end .title -->\n\t\t\n\t    <div class=\"row\">\t\t\n\t\t      \t  <div class=\"large-12 columns\">\n            <ul class=\"ux-row-slider js-flickity slider-nav-small  slider-nav-reveal  slider-nav-push large-block-grid-3 small-block-grid-2\"\n            \tdata-flickity-options='{ \n\t                \"cellAlign\": \"left\", \n\t                \"wrapAround\": true,\n\t                \"percentPosition\": true,\n\t                \"imagesLoaded\": true,\n\t                \"pageDots\": false,\n\t                \"selectedAttraction\" : 0.05,\n         \t\t    \"friction\": 0.6,\n\t                \"contain\": true\n\t            }'>\n        \t                        \n                \n                \n<li class=\"product-small  grid1 grid-normal\">\n<a href=\"https:\/\/ortopedianacional.cl\/index.php\/product\/sistema-suspencion-elastica-con-liner\/\" class=\"woocommerce-LoopProduct-link woocommerce-loop-product__link\"><div class=\"inner-wrap\">\n<a href=\"https:\/\/ortopedianacional.cl\/index.php\/product\/sistema-suspencion-elastica-con-liner\/\">\n      <div class=\"product-image hover_fade_in_back\">\n      \t         <div class=\"front-image\"><img loading=\"lazy\" decoding=\"async\" width=\"300\" height=\"300\" src=\"https:\/\/ortopedianacional.cl\/wp-content\/uploads\/2018\/09\/Sistema-Suspenci\u00f3n-El\u00e1stica-con-Liner-300x300.jpg\" class=\"attachment-shop_catalog size-shop_catalog wp-post-image\" alt=\"\" srcset=\"https:\/\/ortopedianacional.cl\/wp-content\/uploads\/2018\/09\/Sistema-Suspenci\u00f3n-El\u00e1stica-con-Liner-300x300.jpg 300w, https:\/\/ortopedianacional.cl\/wp-content\/uploads\/2018\/09\/Sistema-Suspenci\u00f3n-El\u00e1stica-con-Liner-150x150.jpg 150w, https:\/\/ortopedianacional.cl\/wp-content\/uploads\/2018\/09\/Sistema-Suspenci\u00f3n-El\u00e1stica-con-Liner-100x100.jpg 100w\" sizes=\"(max-width: 300px) 100vw, 300px\" \/><\/div>\n\t\t\t\t\t\t\t\t\n\t\t           <div class=\"quick-view\" data-prod=\"290\">Quick View<\/div>\n\t   \t \n\t   \t\t\t\n\t\t      <\/div><!-- end product-image -->\n<\/a>      \t\n\n    <div class=\"info style-grid1\">\n\n\t\n      <div class=\"text-center\">\n           <h5 class=\"category\">\n          \t\t<a href=\"https:\/\/ortopedianacional.cl\/index.php\/product-category\/protesis-2\/sistemas-de-anclaje\/\" rel=\"tag\">sistemas de anclaje<\/a>          <\/h5>\n          <div class=\"tx-div small\"><\/div>\n          <a href=\"https:\/\/ortopedianacional.cl\/index.php\/product\/sistema-suspencion-elastica-con-liner\/\"><p class=\"name\">Sistema Suspenci\u00f3n El\u00e1stica  con Liner<\/p><\/a>\n          \n\t     \n      <\/div><!-- text-center -->\n\n     \t\t\n\t\n\t\t<\/div><!-- end info -->\t\n\n\n\n\n\n<\/div> <!-- .inner-wrap -->\n<\/li><!-- li.product-small -->                \n                \n<li class=\"product-small  grid1 grid-normal\">\n<a href=\"https:\/\/ortopedianacional.cl\/index.php\/product\/sistema-kiss-lanyard\/\" class=\"woocommerce-LoopProduct-link woocommerce-loop-product__link\"><div class=\"inner-wrap\">\n<a href=\"https:\/\/ortopedianacional.cl\/index.php\/product\/sistema-kiss-lanyard\/\">\n      <div class=\"product-image hover_fade_in_back\">\n      \t         <div class=\"front-image\"><img loading=\"lazy\" decoding=\"async\" width=\"300\" height=\"300\" src=\"https:\/\/ortopedianacional.cl\/wp-content\/uploads\/2018\/09\/Sistema-KISS-Lanyard-300x300.jpg\" class=\"attachment-shop_catalog size-shop_catalog wp-post-image\" alt=\"\" srcset=\"https:\/\/ortopedianacional.cl\/wp-content\/uploads\/2018\/09\/Sistema-KISS-Lanyard-300x300.jpg 300w, https:\/\/ortopedianacional.cl\/wp-content\/uploads\/2018\/09\/Sistema-KISS-Lanyard-150x150.jpg 150w, https:\/\/ortopedianacional.cl\/wp-content\/uploads\/2018\/09\/Sistema-KISS-Lanyard-100x100.jpg 100w\" sizes=\"(max-width: 300px) 100vw, 300px\" \/><\/div>\n\t\t\t\t\t\t\t\t\n\t\t           <div class=\"quick-view\" data-prod=\"289\">Quick View<\/div>\n\t   \t \n\t   \t\t\t\n\t\t      <\/div><!-- end product-image -->\n<\/a>      \t\n\n    <div class=\"info style-grid1\">\n\n\t\n      <div class=\"text-center\">\n           <h5 class=\"category\">\n          \t\t<a href=\"https:\/\/ortopedianacional.cl\/index.php\/product-category\/protesis-2\/sistemas-de-anclaje\/\" rel=\"tag\">sistemas de anclaje<\/a>          <\/h5>\n          <div class=\"tx-div small\"><\/div>\n          <a href=\"https:\/\/ortopedianacional.cl\/index.php\/product\/sistema-kiss-lanyard\/\"><p class=\"name\">Sistema KISS Lanyard<\/p><\/a>\n          \n\t     \n      <\/div><!-- text-center -->\n\n     \t\t\n\t\n\t\t<\/div><!-- end info -->\t\n\n\n\n\n\n<\/div> <!-- .inner-wrap -->\n<\/li><!-- li.product-small -->                \n                \n<li class=\"product-small  grid1 grid-normal\">\n<a href=\"https:\/\/ortopedianacional.cl\/index.php\/product\/sistema-de-vacio-harmony-p3\/\" class=\"woocommerce-LoopProduct-link woocommerce-loop-product__link\"><div class=\"inner-wrap\">\n<a href=\"https:\/\/ortopedianacional.cl\/index.php\/product\/sistema-de-vacio-harmony-p3\/\">\n      <div class=\"product-image hover_fade_in_back\">\n      \t         <div class=\"front-image\"><img loading=\"lazy\" decoding=\"async\" width=\"300\" height=\"300\" src=\"https:\/\/ortopedianacional.cl\/wp-content\/uploads\/2018\/08\/Sistema-de-Vac\u00edo-Harmony-P3-300x300.jpg\" class=\"attachment-shop_catalog size-shop_catalog wp-post-image\" alt=\"\" srcset=\"https:\/\/ortopedianacional.cl\/wp-content\/uploads\/2018\/08\/Sistema-de-Vac\u00edo-Harmony-P3-300x300.jpg 300w, https:\/\/ortopedianacional.cl\/wp-content\/uploads\/2018\/08\/Sistema-de-Vac\u00edo-Harmony-P3-150x150.jpg 150w, https:\/\/ortopedianacional.cl\/wp-content\/uploads\/2018\/08\/Sistema-de-Vac\u00edo-Harmony-P3-100x100.jpg 100w\" sizes=\"(max-width: 300px) 100vw, 300px\" \/><\/div>\n\t\t\t\t\t\t\t\t\n\t\t           <div class=\"quick-view\" data-prod=\"206\">Quick View<\/div>\n\t   \t \n\t   \t\t\t\n\t\t      <\/div><!-- end product-image -->\n<\/a>      \t\n\n    <div class=\"info style-grid1\">\n\n\t\n      <div class=\"text-center\">\n           <h5 class=\"category\">\n          \t\t<a href=\"https:\/\/ortopedianacional.cl\/index.php\/product-category\/protesis-2\/sistemas-de-anclaje\/\" rel=\"tag\">sistemas de anclaje<\/a>          <\/h5>\n          <div class=\"tx-div small\"><\/div>\n          <a href=\"https:\/\/ortopedianacional.cl\/index.php\/product\/sistema-de-vacio-harmony-p3\/\"><p class=\"name\">Sistema de Vac\u00edo Harmony P3<\/p><\/a>\n          \n\t     \n      <\/div><!-- text-center -->\n\n     \t\t\n\t\n\t\t<\/div><!-- end info -->\t\n\n\n\n\n\n<\/div> <!-- .inner-wrap -->\n<\/li><!-- li.product-small -->                \n                \n<li class=\"product-small  grid1 grid-normal\">\n<a href=\"https:\/\/ortopedianacional.cl\/index.php\/product\/sistema-de-liner-con-pin-y-lanzadera\/\" class=\"woocommerce-LoopProduct-link woocommerce-loop-product__link\"><div class=\"inner-wrap\">\n<a href=\"https:\/\/ortopedianacional.cl\/index.php\/product\/sistema-de-liner-con-pin-y-lanzadera\/\">\n      <div class=\"product-image hover_fade_in_back\">\n      \t         <div class=\"front-image\"><img loading=\"lazy\" decoding=\"async\" width=\"300\" height=\"300\" src=\"https:\/\/ortopedianacional.cl\/wp-content\/uploads\/2018\/09\/Sistema-de-Liner-con-Pin-y-Lanzadera-300x300.jpg\" class=\"attachment-shop_catalog size-shop_catalog wp-post-image\" alt=\"\" srcset=\"https:\/\/ortopedianacional.cl\/wp-content\/uploads\/2018\/09\/Sistema-de-Liner-con-Pin-y-Lanzadera-300x300.jpg 300w, https:\/\/ortopedianacional.cl\/wp-content\/uploads\/2018\/09\/Sistema-de-Liner-con-Pin-y-Lanzadera-150x150.jpg 150w, https:\/\/ortopedianacional.cl\/wp-content\/uploads\/2018\/09\/Sistema-de-Liner-con-Pin-y-Lanzadera-100x100.jpg 100w\" sizes=\"(max-width: 300px) 100vw, 300px\" \/><\/div>\n\t\t\t\t\t\t\t\t\n\t\t           <div class=\"quick-view\" data-prod=\"288\">Quick View<\/div>\n\t   \t \n\t   \t\t\t\n\t\t      <\/div><!-- end product-image -->\n<\/a>      \t\n\n    <div class=\"info style-grid1\">\n\n\t\n      <div class=\"text-center\">\n           <h5 class=\"category\">\n          \t\t<a href=\"https:\/\/ortopedianacional.cl\/index.php\/product-category\/protesis-2\/sistemas-de-anclaje\/\" rel=\"tag\">sistemas de anclaje<\/a>          <\/h5>\n          <div class=\"tx-div small\"><\/div>\n          <a href=\"https:\/\/ortopedianacional.cl\/index.php\/product\/sistema-de-liner-con-pin-y-lanzadera\/\"><p class=\"name\">Sistema de liner con pin y Shutlle lock<\/p><\/a>\n          \n\t     \n      <\/div><!-- text-center -->\n\n     \t\t\n\t\n\t\t<\/div><!-- end info -->\t\n\n\n\n\n\n<\/div> <!-- .inner-wrap -->\n<\/li><!-- li.product-small -->                \n                \n<li class=\"product-small  grid1 grid-normal\">\n<a href=\"https:\/\/ortopedianacional.cl\/index.php\/product\/sistema-aerolink\/\" class=\"woocommerce-LoopProduct-link woocommerce-loop-product__link\"><div class=\"inner-wrap\">\n<a href=\"https:\/\/ortopedianacional.cl\/index.php\/product\/sistema-aerolink\/\">\n      <div class=\"product-image hover_fade_in_back\">\n      \t         <div class=\"front-image\"><img loading=\"lazy\" decoding=\"async\" width=\"300\" height=\"300\" src=\"https:\/\/ortopedianacional.cl\/wp-content\/uploads\/2018\/09\/sistema-aerolink-300x300.jpg\" class=\"attachment-shop_catalog size-shop_catalog wp-post-image\" alt=\"\" srcset=\"https:\/\/ortopedianacional.cl\/wp-content\/uploads\/2018\/09\/sistema-aerolink-300x300.jpg 300w, https:\/\/ortopedianacional.cl\/wp-content\/uploads\/2018\/09\/sistema-aerolink-150x150.jpg 150w, https:\/\/ortopedianacional.cl\/wp-content\/uploads\/2018\/09\/sistema-aerolink-100x100.jpg 100w\" sizes=\"(max-width: 300px) 100vw, 300px\" \/><\/div>\n\t\t\t\t\t\t\t\t\n\t\t           <div class=\"quick-view\" data-prod=\"287\">Quick View<\/div>\n\t   \t \n\t   \t\t\t\n\t\t      <\/div><!-- end product-image -->\n<\/a>      \t\n\n    <div class=\"info style-grid1\">\n\n\t\n      <div class=\"text-center\">\n           <h5 class=\"category\">\n          \t\t<a href=\"https:\/\/ortopedianacional.cl\/index.php\/product-category\/protesis-2\/sistemas-de-anclaje\/\" rel=\"tag\">sistemas de anclaje<\/a>          <\/h5>\n          <div class=\"tx-div small\"><\/div>\n          <a href=\"https:\/\/ortopedianacional.cl\/index.php\/product\/sistema-aerolink\/\"><p class=\"name\">Sistema Aerolink<\/p><\/a>\n          \n\t     \n      <\/div><!-- text-center -->\n\n     \t\t\n\t\n\t\t<\/div><!-- end info -->\t\n\n\n\n\n\n<\/div> <!-- .inner-wrap -->\n<\/li><!-- li.product-small -->                                \n                      <\/ul>   <!-- .products -->  \n\t\t<\/div>\n\t<\/div><!-- .row -->\n   \t\n\t\n\n     \n     <section  class=\"ux-section dark\" style=\"background-color:#033b88!important;padding:0px 0;margin-bottom:0px!important;\">  \n      \n      \n     <div class=\"ux-section-content\">\n\t<div  class=\"row container \">\n<div class=\"small-12    large-3  columns   \"  ><div class=\"column-inner\"  >\n<p><strong>Men\u00fa<\/strong><\/p>\n<ul>\n<li>Quienes Somos<\/li>\n<li>Pacientes<\/li>\n<li>Pr\u00f3tesis<\/li>\n<li>Ortesis<\/li>\n<li>Contacto<\/li>\n<\/ul>\n<\/div><\/div>\n<div class=\"small-12    large-3  columns   \"  ><div class=\"column-inner\"  >\n<p><strong>Pr\u00f3tesis<\/strong><\/p>\n<ul>\n<li>Sistema de anclaje<\/li>\n<li>Articulaci\u00f3n de Cadera<\/li>\n<li>Rodillas Pr\u00f3tesicas<\/li>\n<li>Pies Pr\u00f3tesicos<\/li>\n<li>Transfemorales<\/li>\n<li>Transtibiales<\/li>\n<li>Aqualine<\/li>\n<li>Deportivas<\/li>\n<\/ul>\n<\/div><\/div>\n<div class=\"small-12    large-3  columns   \"  ><div class=\"column-inner\"  >\n<p><strong>\u00d3rtesis<\/strong><\/p>\n<ul>\n<li>Miembro Inferior<\/li>\n<li>Miembro Superior<\/li>\n<li>Columna<\/li>\n<li>Cadera<\/li>\n<li>Craneo<\/li>\n<\/ul>\n<p><img loading=\"lazy\" decoding=\"async\" class=\"alignnone size-medium wp-image-600\" src=\"http:\/\/ortopedianacional.cl\/wp-content\/uploads\/2018\/10\/simbolos-discapacidad-300x65.jpg\" alt=\"\" width=\"300\" height=\"65\" srcset=\"https:\/\/ortopedianacional.cl\/wp-content\/uploads\/2018\/10\/simbolos-discapacidad-300x65.jpg 300w, https:\/\/ortopedianacional.cl\/wp-content\/uploads\/2018\/10\/simbolos-discapacidad.jpg 520w\" sizes=\"(max-width: 300px) 100vw, 300px\" \/><\/p>\n<\/div><\/div>\n<div class=\"small-12    large-3  columns   \"  ><div class=\"column-inner\"  >\n<p><strong>Contacto<\/strong><\/p>\n<ul>\n<li>Telefono\u00a0+569 9619 7481<\/li>\n<li>Direcci\u00f3n Diagonal Paraguay 110- Torre 18 Local 2<\/li>\n<li>Horario de Atenci\u00f3n<\/li>\n<li>Lunes a Viernes de 9.30 hrs a 17.00 hrs<\/li>\n<\/ul>\n<\/div><\/div>\n<\/div>\n  \n<\/div>\n      \n        <\/section><!-- .ux-section -->\n\n  \n","protected":false},"excerpt":{"rendered":"","protected":false},"author":1,"featured_media":0,"parent":0,"menu_order":0,"comment_status":"closed","ping_status":"closed","template":"page-blank.php","meta":{"footnotes":""},"class_list":["post-50","page","type-page","status-publish","hentry"],"_links":{"self":[{"href":"https:\/\/ortopedianacional.cl\/index.php\/wp-json\/wp\/v2\/pages\/50"}],"collection":[{"href":"https:\/\/ortopedianacional.cl\/index.php\/wp-json\/wp\/v2\/pages"}],"about":[{"href":"https:\/\/ortopedianacional.cl\/index.php\/wp-json\/wp\/v2\/types\/page"}],"author":[{"embeddable":true,"href":"https:\/\/ortopedianacional.cl\/index.php\/wp-json\/wp\/v2\/users\/1"}],"replies":[{"embeddable":true,"href":"https:\/\/ortopedianacional.cl\/index.php\/wp-json\/wp\/v2\/comments?post=50"}],"version-history":[{"count":3,"href":"https:\/\/ortopedianacional.cl\/index.php\/wp-json\/wp\/v2\/pages\/50\/revisions"}],"predecessor-version":[{"id":802,"href":"https:\/\/ortopedianacional.cl\/index.php\/wp-json\/wp\/v2\/pages\/50\/revisions\/802"}],"wp:attachment":[{"href":"https:\/\/ortopedianacional.cl\/index.php\/wp-json\/wp\/v2\/media?parent=50"}],"curies":[{"name":"wp","href":"https:\/\/api.w.org\/{rel}","templated":true}]}}