{"id":54,"date":"2018-08-15T23:40:36","date_gmt":"2018-08-15T23:40:36","guid":{"rendered":"http:\/\/www.ortopedianacional.gratishosting.cl\/?page_id=54"},"modified":"2023-04-10T16:26:32","modified_gmt":"2023-04-10T16:26:32","slug":"rodillas-protesicas","status":"publish","type":"page","link":"https:\/\/ortopedianacional.cl\/index.php\/rodillas-protesicas\/","title":{"rendered":"Rodillas Pr\u00f3tesicas"},"content":{"rendered":"\t<div  class=\"row container \">\n<div class=\"small-12    large-12  columns   \"  ><div class=\"column-inner\"  >\n<h3>Rodillas Prot\u00e9sicas<\/h3>\n<p>Las rodillas de pr\u00f3tesis est\u00e1n dise\u00f1adas para diferentes actividades o aspiraciones por parte del paciente , existen desde con bloqueo manual que le dan una seguridad importante al paciente hasta las rodillas hidr\u00e1ulicas que pueden permitir cambios de velocidad o caminatas de alto nivel, llegando incluso algunas a poder desarrollar actividades deportivas. Consulta en Ortopedia Nacional cual es tu necesidad.<\/p>\n<\/div><\/div>\n<\/div>\n  \n\t<div  class=\"row container \">\n<div class=\"small-12    large-6  columns   \"  ><div class=\"column-inner\"  >\n<\/div><\/div>\n<div class=\"small-12    large-6  columns   \"  ><div class=\"column-inner\"  >\n<\/div><\/div>\n<\/div>\n  \n    \n\t\t \n\t\t<div class=\"row\">\n\t\t\t<div class=\"large-12 columns\">\n\t\t\t\t<h3 class=\"section-title\"><span>Productos<\/span><\/h3>\n\t\t\t<\/div>\n\t\t<\/div><!-- end .title -->\n\t\t\n\t    <div class=\"row\">\t\t\n\t\t      \t  <div class=\"large-12 columns\">\n            <ul class=\"ux-row-slider js-flickity slider-nav-small  slider-nav-reveal  slider-nav-push large-block-grid-3 small-block-grid-2\"\n            \tdata-flickity-options='{ \n\t                \"cellAlign\": \"left\", \n\t                \"wrapAround\": true,\n\t                \"percentPosition\": true,\n\t                \"imagesLoaded\": true,\n\t                \"pageDots\": false,\n\t                \"selectedAttraction\" : 0.05,\n         \t\t    \"friction\": 0.6,\n\t                \"contain\": true\n\t            }'>\n        \t                        \n                \n                \n<li class=\"product-small  grid1 grid-normal\">\n<a href=\"https:\/\/ortopedianacional.cl\/index.php\/product\/rodilla-monocentrica\/\" class=\"woocommerce-LoopProduct-link woocommerce-loop-product__link\"><div class=\"inner-wrap\">\n<a href=\"https:\/\/ortopedianacional.cl\/index.php\/product\/rodilla-monocentrica\/\">\n      <div class=\"product-image hover_fade_in_back\">\n      \t         <div class=\"front-image\"><img loading=\"lazy\" decoding=\"async\" width=\"300\" height=\"300\" src=\"https:\/\/ortopedianacional.cl\/wp-content\/uploads\/2018\/09\/1-300x300.jpg\" class=\"attachment-shop_catalog size-shop_catalog wp-post-image\" alt=\"\" srcset=\"https:\/\/ortopedianacional.cl\/wp-content\/uploads\/2018\/09\/1-300x300.jpg 300w, https:\/\/ortopedianacional.cl\/wp-content\/uploads\/2018\/09\/1-150x150.jpg 150w, https:\/\/ortopedianacional.cl\/wp-content\/uploads\/2018\/09\/1-100x100.jpg 100w\" sizes=\"(max-width: 300px) 100vw, 300px\" \/><\/div>\n\t\t\t\t\t\t\t\t\n\t\t           <div class=\"quick-view\" data-prod=\"309\">Quick View<\/div>\n\t   \t \n\t   \t\t\t\n\t\t      <\/div><!-- end product-image -->\n<\/a>      \t\n\n    <div class=\"info style-grid1\">\n\n\t\n      <div class=\"text-center\">\n           <h5 class=\"category\">\n          \t\t<a href=\"https:\/\/ortopedianacional.cl\/index.php\/product-category\/protesis-2\/rodillas-protesicas\/\" rel=\"tag\">Rodillas Protesicas<\/a>          <\/h5>\n          <div class=\"tx-div small\"><\/div>\n          <a href=\"https:\/\/ortopedianacional.cl\/index.php\/product\/rodilla-monocentrica\/\"><p class=\"name\">Rodilla Monoc\u00e9ntrica<\/p><\/a>\n          \n\t     \n      <\/div><!-- text-center -->\n\n     \t\t\n\t\n\t\t<\/div><!-- end info -->\t\n\n\n\n\n\n<\/div> <!-- .inner-wrap -->\n<\/li><!-- li.product-small -->                \n                \n<li class=\"product-small  grid1 grid-normal\">\n<a href=\"https:\/\/ortopedianacional.cl\/index.php\/product\/rodilla-bloqueo-manual\/\" class=\"woocommerce-LoopProduct-link woocommerce-loop-product__link\"><div class=\"inner-wrap\">\n<a href=\"https:\/\/ortopedianacional.cl\/index.php\/product\/rodilla-bloqueo-manual\/\">\n      <div class=\"product-image hover_fade_in_back\">\n      \t         <div class=\"front-image\"><img loading=\"lazy\" decoding=\"async\" width=\"300\" height=\"300\" src=\"https:\/\/ortopedianacional.cl\/wp-content\/uploads\/2018\/09\/rodilla-bloqueo-manual-300x300.jpg\" class=\"attachment-shop_catalog size-shop_catalog wp-post-image\" alt=\"\" srcset=\"https:\/\/ortopedianacional.cl\/wp-content\/uploads\/2018\/09\/rodilla-bloqueo-manual-300x300.jpg 300w, https:\/\/ortopedianacional.cl\/wp-content\/uploads\/2018\/09\/rodilla-bloqueo-manual-150x150.jpg 150w, https:\/\/ortopedianacional.cl\/wp-content\/uploads\/2018\/09\/rodilla-bloqueo-manual-100x100.jpg 100w\" sizes=\"(max-width: 300px) 100vw, 300px\" \/><\/div>\n\t\t\t\t\t\t\t\t\n\t\t           <div class=\"quick-view\" data-prod=\"321\">Quick View<\/div>\n\t   \t \n\t   \t\t\t\n\t\t      <\/div><!-- end product-image -->\n<\/a>      \t\n\n    <div class=\"info style-grid1\">\n\n\t\n      <div class=\"text-center\">\n           <h5 class=\"category\">\n          \t\t<a href=\"https:\/\/ortopedianacional.cl\/index.php\/product-category\/protesis-2\/rodillas-protesicas\/\" rel=\"tag\">Rodillas Protesicas<\/a>          <\/h5>\n          <div class=\"tx-div small\"><\/div>\n          <a href=\"https:\/\/ortopedianacional.cl\/index.php\/product\/rodilla-bloqueo-manual\/\"><p class=\"name\">Rodilla Bloqueo Manual<\/p><\/a>\n          \n\t     \n      <\/div><!-- text-center -->\n\n     \t\t\n\t\n\t\t<\/div><!-- end info -->\t\n\n\n\n\n\n<\/div> <!-- .inner-wrap -->\n<\/li><!-- li.product-small -->                \n                \n<li class=\"product-small  grid1 grid-normal\">\n<a href=\"https:\/\/ortopedianacional.cl\/index.php\/product\/rodilla-3s80-sport\/\" class=\"woocommerce-LoopProduct-link woocommerce-loop-product__link\"><div class=\"inner-wrap\">\n<a href=\"https:\/\/ortopedianacional.cl\/index.php\/product\/rodilla-3s80-sport\/\">\n      <div class=\"product-image hover_fade_in_back\">\n      \t         <div class=\"front-image\"><img loading=\"lazy\" decoding=\"async\" width=\"300\" height=\"300\" src=\"https:\/\/ortopedianacional.cl\/wp-content\/uploads\/2018\/09\/29256_169_4c_wb_1_1_1_teaser_onecolumn_border-300x300.jpg\" class=\"attachment-shop_catalog size-shop_catalog wp-post-image\" alt=\"\" srcset=\"https:\/\/ortopedianacional.cl\/wp-content\/uploads\/2018\/09\/29256_169_4c_wb_1_1_1_teaser_onecolumn_border-300x300.jpg 300w, https:\/\/ortopedianacional.cl\/wp-content\/uploads\/2018\/09\/29256_169_4c_wb_1_1_1_teaser_onecolumn_border-150x150.jpg 150w, https:\/\/ortopedianacional.cl\/wp-content\/uploads\/2018\/09\/29256_169_4c_wb_1_1_1_teaser_onecolumn_border-100x100.jpg 100w, https:\/\/ortopedianacional.cl\/wp-content\/uploads\/2018\/09\/29256_169_4c_wb_1_1_1_teaser_onecolumn_border.jpg 479w\" sizes=\"(max-width: 300px) 100vw, 300px\" \/><\/div>\n\t\t\t\t\t\t\t\t\n\t\t           <div class=\"quick-view\" data-prod=\"320\">Quick View<\/div>\n\t   \t \n\t   \t\t\t\n\t\t      <\/div><!-- end product-image -->\n<\/a>      \t\n\n    <div class=\"info style-grid1\">\n\n\t\n      <div class=\"text-center\">\n           <h5 class=\"category\">\n          \t\t<a href=\"https:\/\/ortopedianacional.cl\/index.php\/product-category\/protesis-2\/rodillas-protesicas\/\" rel=\"tag\">Rodillas Protesicas<\/a>          <\/h5>\n          <div class=\"tx-div small\"><\/div>\n          <a href=\"https:\/\/ortopedianacional.cl\/index.php\/product\/rodilla-3s80-sport\/\"><p class=\"name\">Rodilla 3S80 sport<\/p><\/a>\n          \n\t     \n      <\/div><!-- text-center -->\n\n     \t\t\n\t\n\t\t<\/div><!-- end info -->\t\n\n\n\n\n\n<\/div> <!-- .inner-wrap -->\n<\/li><!-- li.product-small -->                \n                \n<li class=\"product-small  grid1 grid-normal\">\n<a href=\"https:\/\/ortopedianacional.cl\/index.php\/product\/rodilla-3r95\/\" class=\"woocommerce-LoopProduct-link woocommerce-loop-product__link\"><div class=\"inner-wrap\">\n<a href=\"https:\/\/ortopedianacional.cl\/index.php\/product\/rodilla-3r95\/\">\n      <div class=\"product-image hover_fade_in_back\">\n      \t         <div class=\"front-image\"><img loading=\"lazy\" decoding=\"async\" width=\"300\" height=\"300\" src=\"https:\/\/ortopedianacional.cl\/wp-content\/uploads\/2018\/09\/Rodilla-3R95-300x300.jpg\" class=\"attachment-shop_catalog size-shop_catalog wp-post-image\" alt=\"\" srcset=\"https:\/\/ortopedianacional.cl\/wp-content\/uploads\/2018\/09\/Rodilla-3R95-300x300.jpg 300w, https:\/\/ortopedianacional.cl\/wp-content\/uploads\/2018\/09\/Rodilla-3R95-150x150.jpg 150w, https:\/\/ortopedianacional.cl\/wp-content\/uploads\/2018\/09\/Rodilla-3R95-100x100.jpg 100w\" sizes=\"(max-width: 300px) 100vw, 300px\" \/><\/div>\n\t\t\t\t\t\t\t\t\n\t\t           <div class=\"quick-view\" data-prod=\"319\">Quick View<\/div>\n\t   \t \n\t   \t\t\t\n\t\t      <\/div><!-- end product-image -->\n<\/a>      \t\n\n    <div class=\"info style-grid1\">\n\n\t\n      <div class=\"text-center\">\n           <h5 class=\"category\">\n          \t\t<a href=\"https:\/\/ortopedianacional.cl\/index.php\/product-category\/protesis-2\/rodillas-protesicas\/\" rel=\"tag\">Rodillas Protesicas<\/a>          <\/h5>\n          <div class=\"tx-div small\"><\/div>\n          <a href=\"https:\/\/ortopedianacional.cl\/index.php\/product\/rodilla-3r95\/\"><p class=\"name\">Rodilla 3R95<\/p><\/a>\n          \n\t     \n      <\/div><!-- text-center -->\n\n     \t\t\n\t\n\t\t<\/div><!-- end info -->\t\n\n\n\n\n\n<\/div> <!-- .inner-wrap -->\n<\/li><!-- li.product-small -->                \n                \n<li class=\"product-small  grid1 grid-normal\">\n<a href=\"https:\/\/ortopedianacional.cl\/index.php\/product\/rodilla-3r80\/\" class=\"woocommerce-LoopProduct-link woocommerce-loop-product__link\"><div class=\"inner-wrap\">\n<a href=\"https:\/\/ortopedianacional.cl\/index.php\/product\/rodilla-3r80\/\">\n      <div class=\"product-image hover_fade_in_back\">\n      \t         <div class=\"front-image\"><img loading=\"lazy\" decoding=\"async\" width=\"300\" height=\"300\" src=\"https:\/\/ortopedianacional.cl\/wp-content\/uploads\/2018\/09\/rodilla-3r80-300x300.jpg\" class=\"attachment-shop_catalog size-shop_catalog wp-post-image\" alt=\"\" srcset=\"https:\/\/ortopedianacional.cl\/wp-content\/uploads\/2018\/09\/rodilla-3r80-300x300.jpg 300w, https:\/\/ortopedianacional.cl\/wp-content\/uploads\/2018\/09\/rodilla-3r80-150x150.jpg 150w, https:\/\/ortopedianacional.cl\/wp-content\/uploads\/2018\/09\/rodilla-3r80-100x100.jpg 100w\" sizes=\"(max-width: 300px) 100vw, 300px\" \/><\/div>\n\t\t\t\t\t\t\t\t\n\t\t           <div class=\"quick-view\" data-prod=\"318\">Quick View<\/div>\n\t   \t \n\t   \t\t\t\n\t\t      <\/div><!-- end product-image -->\n<\/a>      \t\n\n    <div class=\"info style-grid1\">\n\n\t\n      <div class=\"text-center\">\n           <h5 class=\"category\">\n          \t\t<a href=\"https:\/\/ortopedianacional.cl\/index.php\/product-category\/protesis-2\/rodillas-protesicas\/\" rel=\"tag\">Rodillas Protesicas<\/a>          <\/h5>\n          <div class=\"tx-div small\"><\/div>\n          <a href=\"https:\/\/ortopedianacional.cl\/index.php\/product\/rodilla-3r80\/\"><p class=\"name\">Rodilla 3R80<\/p><\/a>\n          \n\t     \n      <\/div><!-- text-center -->\n\n     \t\t\n\t\n\t\t<\/div><!-- end info -->\t\n\n\n\n\n\n<\/div> <!-- .inner-wrap -->\n<\/li><!-- li.product-small -->                \n                \n<li class=\"product-small  grid1 grid-normal\">\n<a href=\"https:\/\/ortopedianacional.cl\/index.php\/product\/rodilla-3r78\/\" class=\"woocommerce-LoopProduct-link woocommerce-loop-product__link\"><div class=\"inner-wrap\">\n<a href=\"https:\/\/ortopedianacional.cl\/index.php\/product\/rodilla-3r78\/\">\n      <div class=\"product-image hover_fade_in_back\">\n      \t         <div class=\"front-image\"><img loading=\"lazy\" decoding=\"async\" width=\"300\" height=\"300\" src=\"https:\/\/ortopedianacional.cl\/wp-content\/uploads\/2018\/09\/Rodilla-3R78-300x300.jpg\" class=\"attachment-shop_catalog size-shop_catalog wp-post-image\" alt=\"\" srcset=\"https:\/\/ortopedianacional.cl\/wp-content\/uploads\/2018\/09\/Rodilla-3R78-300x300.jpg 300w, https:\/\/ortopedianacional.cl\/wp-content\/uploads\/2018\/09\/Rodilla-3R78-150x150.jpg 150w, https:\/\/ortopedianacional.cl\/wp-content\/uploads\/2018\/09\/Rodilla-3R78-100x100.jpg 100w\" sizes=\"(max-width: 300px) 100vw, 300px\" \/><\/div>\n\t\t\t\t\t\t\t\t\n\t\t           <div class=\"quick-view\" data-prod=\"322\">Quick View<\/div>\n\t   \t \n\t   \t\t\t\n\t\t      <\/div><!-- end product-image -->\n<\/a>      \t\n\n    <div class=\"info style-grid1\">\n\n\t\n      <div class=\"text-center\">\n           <h5 class=\"category\">\n          \t\t<a href=\"https:\/\/ortopedianacional.cl\/index.php\/product-category\/protesis-2\/rodillas-protesicas\/\" rel=\"tag\">Rodillas Protesicas<\/a>          <\/h5>\n          <div class=\"tx-div small\"><\/div>\n          <a href=\"https:\/\/ortopedianacional.cl\/index.php\/product\/rodilla-3r78\/\"><p class=\"name\">Rodilla 3R78<\/p><\/a>\n          \n\t     \n      <\/div><!-- text-center -->\n\n     \t\t\n\t\n\t\t<\/div><!-- end info -->\t\n\n\n\n\n\n<\/div> <!-- .inner-wrap -->\n<\/li><!-- li.product-small -->                \n                \n<li class=\"product-small  grid1 grid-normal\">\n<a href=\"https:\/\/ortopedianacional.cl\/index.php\/product\/rodilla-3a2500\/\" class=\"woocommerce-LoopProduct-link woocommerce-loop-product__link\"><div class=\"inner-wrap\">\n<a href=\"https:\/\/ortopedianacional.cl\/index.php\/product\/rodilla-3a2500\/\">\n      <div class=\"product-image hover_fade_in_back\">\n      \t         <div class=\"front-image\"><img loading=\"lazy\" decoding=\"async\" width=\"300\" height=\"300\" src=\"https:\/\/ortopedianacional.cl\/wp-content\/uploads\/2019\/05\/3A2500-300x300.jpg\" class=\"attachment-shop_catalog size-shop_catalog wp-post-image\" alt=\"\" srcset=\"https:\/\/ortopedianacional.cl\/wp-content\/uploads\/2019\/05\/3A2500-300x300.jpg 300w, https:\/\/ortopedianacional.cl\/wp-content\/uploads\/2019\/05\/3A2500-150x150.jpg 150w, https:\/\/ortopedianacional.cl\/wp-content\/uploads\/2019\/05\/3A2500-100x100.jpg 100w, https:\/\/ortopedianacional.cl\/wp-content\/uploads\/2019\/05\/3A2500.jpg 460w\" sizes=\"(max-width: 300px) 100vw, 300px\" \/><\/div>\n\t\t\t\t\t\t\t\t\n\t\t           <div class=\"quick-view\" data-prod=\"781\">Quick View<\/div>\n\t   \t \n\t   \t\t\t\n\t\t      <\/div><!-- end product-image -->\n<\/a>      \t\n\n    <div class=\"info style-grid1\">\n\n\t\n      <div class=\"text-center\">\n           <h5 class=\"category\">\n          \t\t<a href=\"https:\/\/ortopedianacional.cl\/index.php\/product-category\/protesis-2\/rodillas-protesicas\/\" rel=\"tag\">Rodillas Protesicas<\/a>          <\/h5>\n          <div class=\"tx-div small\"><\/div>\n          <a href=\"https:\/\/ortopedianacional.cl\/index.php\/product\/rodilla-3a2500\/\"><p class=\"name\">Rodilla 3A2500<\/p><\/a>\n          \n\t     \n      <\/div><!-- text-center -->\n\n     \t\t\n\t\n\t\t<\/div><!-- end info -->\t\n\n\n\n\n\n<\/div> <!-- .inner-wrap -->\n<\/li><!-- li.product-small -->                \n                \n<li class=\"product-small  grid1 grid-normal\">\n<a href=\"https:\/\/ortopedianacional.cl\/index.php\/product\/rodilla-3a-2000\/\" class=\"woocommerce-LoopProduct-link woocommerce-loop-product__link\"><div class=\"inner-wrap\">\n<a href=\"https:\/\/ortopedianacional.cl\/index.php\/product\/rodilla-3a-2000\/\">\n      <div class=\"product-image hover_fade_in_back\">\n      \t         <div class=\"front-image\"><img loading=\"lazy\" decoding=\"async\" width=\"300\" height=\"300\" src=\"https:\/\/ortopedianacional.cl\/wp-content\/uploads\/2018\/09\/rodrilla-2-a-2000-300x300.jpg\" class=\"attachment-shop_catalog size-shop_catalog wp-post-image\" alt=\"\" srcset=\"https:\/\/ortopedianacional.cl\/wp-content\/uploads\/2018\/09\/rodrilla-2-a-2000-300x300.jpg 300w, https:\/\/ortopedianacional.cl\/wp-content\/uploads\/2018\/09\/rodrilla-2-a-2000-150x150.jpg 150w, https:\/\/ortopedianacional.cl\/wp-content\/uploads\/2018\/09\/rodrilla-2-a-2000-100x100.jpg 100w\" sizes=\"(max-width: 300px) 100vw, 300px\" \/><\/div>\n\t\t\t\t\t\t\t\t\n\t\t           <div class=\"quick-view\" data-prod=\"323\">Quick View<\/div>\n\t   \t \n\t   \t\t\t\n\t\t      <\/div><!-- end product-image -->\n<\/a>      \t\n\n    <div class=\"info style-grid1\">\n\n\t\n      <div class=\"text-center\">\n           <h5 class=\"category\">\n          \t\t<a href=\"https:\/\/ortopedianacional.cl\/index.php\/product-category\/protesis-2\/rodillas-protesicas\/\" rel=\"tag\">Rodillas Protesicas<\/a>          <\/h5>\n          <div class=\"tx-div small\"><\/div>\n          <a href=\"https:\/\/ortopedianacional.cl\/index.php\/product\/rodilla-3a-2000\/\"><p class=\"name\">Rodilla 3A 2000<\/p><\/a>\n          \n\t     \n      <\/div><!-- text-center -->\n\n     \t\t\n\t\n\t\t<\/div><!-- end info -->\t\n\n\n\n\n\n<\/div> <!-- .inner-wrap -->\n<\/li><!-- li.product-small -->                \n                \n<li class=\"product-small  grid1 grid-normal\">\n<a href=\"https:\/\/ortopedianacional.cl\/index.php\/product\/rodilla-3a-1000\/\" class=\"woocommerce-LoopProduct-link woocommerce-loop-product__link\"><div class=\"inner-wrap\">\n<a href=\"https:\/\/ortopedianacional.cl\/index.php\/product\/rodilla-3a-1000\/\">\n      <div class=\"product-image hover_fade_in_back\">\n      \t         <div class=\"front-image\"><img loading=\"lazy\" decoding=\"async\" width=\"300\" height=\"300\" src=\"https:\/\/ortopedianacional.cl\/wp-content\/uploads\/2018\/09\/rodilla-3-a-1000-300x300.jpg\" class=\"attachment-shop_catalog size-shop_catalog wp-post-image\" alt=\"\" srcset=\"https:\/\/ortopedianacional.cl\/wp-content\/uploads\/2018\/09\/rodilla-3-a-1000-300x300.jpg 300w, https:\/\/ortopedianacional.cl\/wp-content\/uploads\/2018\/09\/rodilla-3-a-1000-150x150.jpg 150w, https:\/\/ortopedianacional.cl\/wp-content\/uploads\/2018\/09\/rodilla-3-a-1000-100x100.jpg 100w\" sizes=\"(max-width: 300px) 100vw, 300px\" \/><\/div>\n\t\t\t\t\t\t\t\t\n\t\t           <div class=\"quick-view\" data-prod=\"324\">Quick View<\/div>\n\t   \t \n\t   \t\t\t\n\t\t      <\/div><!-- end product-image -->\n<\/a>      \t\n\n    <div class=\"info style-grid1\">\n\n\t\n      <div class=\"text-center\">\n           <h5 class=\"category\">\n          \t\t<a href=\"https:\/\/ortopedianacional.cl\/index.php\/product-category\/protesis-2\/rodillas-protesicas\/\" rel=\"tag\">Rodillas Protesicas<\/a>          <\/h5>\n          <div class=\"tx-div small\"><\/div>\n          <a href=\"https:\/\/ortopedianacional.cl\/index.php\/product\/rodilla-3a-1000\/\"><p class=\"name\">Rodilla 3A 1000<\/p><\/a>\n          \n\t     \n      <\/div><!-- text-center -->\n\n     \t\t\n\t\n\t\t<\/div><!-- end info -->\t\n\n\n\n\n\n<\/div> <!-- .inner-wrap -->\n<\/li><!-- li.product-small -->                                \n                      <\/ul>   <!-- .products -->  \n\t\t<\/div>\n\t<\/div><!-- .row -->\n   \t\n\t\n\n     \n     <section  class=\"ux-section dark\" style=\"background-color:#033b88!important;padding:0px 0;margin-bottom:0px!important;\">  \n      \n      \n     <div class=\"ux-section-content\">\n\t<div  class=\"row container \">\n<div class=\"small-12    large-3  columns   \"  ><div class=\"column-inner\"  >\n<p><strong>Men\u00fa<\/strong><\/p>\n<ul>\n<li>Quienes Somos<\/li>\n<li>Pacientes<\/li>\n<li>Pr\u00f3tesis<\/li>\n<li>Ortesis<\/li>\n<li>Contacto<\/li>\n<\/ul>\n<\/div><\/div>\n<div class=\"small-12    large-3  columns   \"  ><div class=\"column-inner\"  >\n<p><strong>Pr\u00f3tesis<\/strong><\/p>\n<ul>\n<li>Sistema de anclaje<\/li>\n<li>Articulaci\u00f3n de Cadera<\/li>\n<li>Rodillas Pr\u00f3tesicas<\/li>\n<li>Pies Pr\u00f3tesicos<\/li>\n<li>Transfemorales<\/li>\n<li>Transtibiales<\/li>\n<li>Aqualine<\/li>\n<li>Deportivas<\/li>\n<\/ul>\n<\/div><\/div>\n<div class=\"small-12    large-3  columns   \"  ><div class=\"column-inner\"  >\n<p><strong>\u00d3rtesis<\/strong><\/p>\n<ul>\n<li>Miembro Inferior<\/li>\n<li>Miembro Superior<\/li>\n<li>Columna<\/li>\n<li>Cadera<\/li>\n<li>Craneo<\/li>\n<\/ul>\n<p><img loading=\"lazy\" decoding=\"async\" class=\"alignnone size-medium wp-image-600\" src=\"http:\/\/ortopedianacional.cl\/wp-content\/uploads\/2018\/10\/simbolos-discapacidad-300x65.jpg\" alt=\"\" width=\"300\" height=\"65\" srcset=\"https:\/\/ortopedianacional.cl\/wp-content\/uploads\/2018\/10\/simbolos-discapacidad-300x65.jpg 300w, https:\/\/ortopedianacional.cl\/wp-content\/uploads\/2018\/10\/simbolos-discapacidad.jpg 520w\" sizes=\"(max-width: 300px) 100vw, 300px\" \/><\/p>\n<\/div><\/div>\n<div class=\"small-12    large-3  columns   \"  ><div class=\"column-inner\"  >\n<p><strong>Contacto<\/strong><\/p>\n<ul>\n<li>Telefono\u00a0+569 9619 7481<\/li>\n<li>Direcci\u00f3n Diagonal Paraguay 110- Torre 18 Local 2<\/li>\n<li>Horario de Atenci\u00f3n<\/li>\n<li>Lunes a Viernes de 9.30 hrs a 17.00 hrs<\/li>\n<\/ul>\n<\/div><\/div>\n<\/div>\n  \n<\/div>\n      \n        <\/section><!-- .ux-section -->\n\n  \n","protected":false},"excerpt":{"rendered":"","protected":false},"author":1,"featured_media":0,"parent":0,"menu_order":0,"comment_status":"closed","ping_status":"closed","template":"page-blank.php","meta":{"footnotes":""},"class_list":["post-54","page","type-page","status-publish","hentry"],"_links":{"self":[{"href":"https:\/\/ortopedianacional.cl\/index.php\/wp-json\/wp\/v2\/pages\/54"}],"collection":[{"href":"https:\/\/ortopedianacional.cl\/index.php\/wp-json\/wp\/v2\/pages"}],"about":[{"href":"https:\/\/ortopedianacional.cl\/index.php\/wp-json\/wp\/v2\/types\/page"}],"author":[{"embeddable":true,"href":"https:\/\/ortopedianacional.cl\/index.php\/wp-json\/wp\/v2\/users\/1"}],"replies":[{"embeddable":true,"href":"https:\/\/ortopedianacional.cl\/index.php\/wp-json\/wp\/v2\/comments?post=54"}],"version-history":[{"count":2,"href":"https:\/\/ortopedianacional.cl\/index.php\/wp-json\/wp\/v2\/pages\/54\/revisions"}],"predecessor-version":[{"id":803,"href":"https:\/\/ortopedianacional.cl\/index.php\/wp-json\/wp\/v2\/pages\/54\/revisions\/803"}],"wp:attachment":[{"href":"https:\/\/ortopedianacional.cl\/index.php\/wp-json\/wp\/v2\/media?parent=54"}],"curies":[{"name":"wp","href":"https:\/\/api.w.org\/{rel}","templated":true}]}}