{"id":560,"date":"2018-08-15T23:13:26","date_gmt":"2018-08-15T23:13:26","guid":{"rendered":"http:\/\/www.ortopedianacional.gratishosting.cl\/?page_id=9"},"modified":"2023-04-10T16:17:19","modified_gmt":"2023-04-10T16:17:19","slug":"quienes-somos","status":"publish","type":"page","link":"https:\/\/ortopedianacional.cl\/index.php\/quienes-somos\/","title":{"rendered":"Quienes Somos"},"content":{"rendered":"\t<div  class=\"row container \">\n<div class=\"small-12    large-12  columns   \"  ><div class=\"column-inner\"  >\n<h3>Bienvenido a Ortopedia Nacional<\/h3>\n<h4>El Laboratorio Ortop\u00e9dico Nacional comenz\u00f3 sus operaciones hace m\u00e1s de 42 a\u00f1os en el desarrollo de la confecci\u00f3n de \u00d3rtesis y Pr\u00f3tesis en Chile. Hemos atendido a m\u00e1s de 35.000 mil pacientes en estos a\u00f1os, mantenemos la experiencia e innovaci\u00f3n en beneficio directo para nuestros pacientes, trabajamos con las mejores marcas de Alemania y Estados Unidos, procuraremos estar informados de lo que sucede en el mundo para seguir entregando una mejor calidad t\u00e9cnica y humana a nuestros pacientes.<\/h4>\n<p><img loading=\"lazy\" decoding=\"async\" class=\"aligncenter wp-image-618 size-full\" src=\"http:\/\/ortopedianacional.cl\/wp-content\/uploads\/2018\/10\/genium_kalli_brasil_24_9_stage.jpg\" alt=\"\" width=\"1280\" height=\"480\" srcset=\"https:\/\/ortopedianacional.cl\/wp-content\/uploads\/2018\/10\/genium_kalli_brasil_24_9_stage.jpg 1280w, https:\/\/ortopedianacional.cl\/wp-content\/uploads\/2018\/10\/genium_kalli_brasil_24_9_stage-300x113.jpg 300w, https:\/\/ortopedianacional.cl\/wp-content\/uploads\/2018\/10\/genium_kalli_brasil_24_9_stage-768x288.jpg 768w, https:\/\/ortopedianacional.cl\/wp-content\/uploads\/2018\/10\/genium_kalli_brasil_24_9_stage-1024x384.jpg 1024w, https:\/\/ortopedianacional.cl\/wp-content\/uploads\/2018\/10\/genium_kalli_brasil_24_9_stage-600x225.jpg 600w\" sizes=\"(max-width: 1280px) 100vw, 1280px\" \/><\/p>\n<h4 id=\"u1308-4\" class=\"clearfix colelem\" data-muse-temp-textcontainer-sizepolicy=\"true\" data-muse-temp-textcontainer-pinning=\"true\">Nuestros Valores<\/h4>\n<h4 id=\"u1317-2\">Compromiso con nuestros pacientes: Cada acci\u00f3n que realizamos est\u00e1 contenida en nuestra primera motivaci\u00f3n, otorgar los mejores e innovadores productos a nuestros pacientes, de la mano de una atenci\u00f3n y despachos eficientes, otorgando as\u00ed un servicio integral y una gran experiencia a quienes conf\u00eden en nosotros.<\/h4>\n<ul id=\"u1317-13\" class=\"list0 nls-None\">\n<li id=\"u1317-6\">\n<h4><span id=\"u1317-4\">Calidad:\u00a0<\/span>Vamos un paso m\u00e1s all\u00e1 para obtener los mejores resultados, aplicando los m\u00e1s elevados est\u00e1ndares en todo lo\u00a0 que confeccionamos.<\/h4>\n<\/li>\n<li id=\"u1317-9\">\n<h4><span id=\"u1317-7\">Innovaci\u00f3n:\u00a0<\/span>Nunca estamos c\u00f3modos, siempre buscamos la mejor forma, cambiamos, nos adaptamos e innovamos de\u00a0\u00a0\u00a0 acuerdo a los tiempos, productos, sociedad y pacientes, buscando la \u00f3ptima forma de operar para nuestro laboratorio y mercados donde operamos.<\/h4>\n<\/li>\n<li id=\"u1317-12\">\n<h4><span id=\"u1317-10\">Integridad:<\/span>\u00a0Obtenemos resultados de la forma correcta, somos claros, transparentes y respetuosos con la sociedad, pacientes, compa\u00f1eros de trabajo y socios.<\/h4>\n<\/li>\n<\/ul>\n<h4><img loading=\"lazy\" decoding=\"async\" class=\"alignnone size-full wp-image-619\" src=\"http:\/\/ortopedianacional.cl\/wp-content\/uploads\/2018\/10\/patient_referral_16_9_teaser_twocolumn-2.jpg\" alt=\"\" width=\"468\" height=\"263\" srcset=\"https:\/\/ortopedianacional.cl\/wp-content\/uploads\/2018\/10\/patient_referral_16_9_teaser_twocolumn-2.jpg 468w, https:\/\/ortopedianacional.cl\/wp-content\/uploads\/2018\/10\/patient_referral_16_9_teaser_twocolumn-2-300x169.jpg 300w\" sizes=\"(max-width: 468px) 100vw, 468px\" \/><\/h4>\n<h4>Nuestra Misi\u00f3n<\/h4>\n<h4>Estar siempre a la vanguardia tecnol\u00f3gica y buscando la m\u00e1s alta calidad, en cada uno de los productos que coloquemos en el mercado, A partir de esa premisa, sumado al objetivo de\u00a0 cumplir con las exigencias de una sociedad que avanza y requiere nuevas, como menos invasivas soluciones, nuestra misi\u00f3n da foco a cada detalle, que aporte beneficios a nuestros pacientes y usuarios, fidelizando nuestras relaciones humanas para la rehabilitaci\u00f3n de ellos.<\/h4>\n<h4>Nuestra Visi\u00f3n<\/h4>\n<h4 class=\"clearfix colelem\" data-sizepolicy=\"fixed\" data-pintopage=\"page_fluidx\">Ser l\u00edderes en los mercados donde operemos, apoyados de altos est\u00e1ndares de calidad en nuestra operaci\u00f3n y productos, donde Ortopedia Nacional ser\u00e1 reconocida por entregar servicios y productos de alta calidad, en conjunto de un cuidado humano para la rehabilitaci\u00f3n de nuestros pacientes.<\/h4>\n<p>&nbsp;<\/p>\n<\/div><\/div>\n<\/div>\n  \n\n     \n     <section  class=\"ux-section dark\" style=\"background-color:#033b88!important;padding:0px 0;margin-bottom:0px!important;\">  \n      \n      \n     <div class=\"ux-section-content\">\n\t<div  class=\"row container \">\n<div class=\"small-12    large-3  columns   \"  ><div class=\"column-inner\"  >\n<p><strong>Men\u00fa<\/strong><\/p>\n<ul>\n<li>Quienes Somos<\/li>\n<li>Pacientes<\/li>\n<li>Pr\u00f3tesis<\/li>\n<li>Ortesis<\/li>\n<li>Contacto<\/li>\n<\/ul>\n<\/div><\/div>\n<div class=\"small-12    large-3  columns   \"  ><div class=\"column-inner\"  >\n<p><strong>Pr\u00f3tesis<\/strong><\/p>\n<ul>\n<li>Sistema de anclaje<\/li>\n<li>Articulaci\u00f3n de Cadera<\/li>\n<li>Rodillas Pr\u00f3tesicas<\/li>\n<li>Pies Pr\u00f3tesicos<\/li>\n<li>Transfemorales<\/li>\n<li>Transtibiales<\/li>\n<li>Aqualine<\/li>\n<li>Deportivas<\/li>\n<\/ul>\n<\/div><\/div>\n<div class=\"small-12    large-3  columns   \"  ><div class=\"column-inner\"  >\n<p><strong>\u00d3rtesis<\/strong><\/p>\n<ul>\n<li>Miembro Inferior<\/li>\n<li>Miembro Superior<\/li>\n<li>Columna<\/li>\n<li>Cadera<\/li>\n<li>Craneo<\/li>\n<\/ul>\n<p><img loading=\"lazy\" decoding=\"async\" class=\"alignnone wp-image-600 size-medium\" src=\"http:\/\/ortopedianacional.cl\/wp-content\/uploads\/2018\/10\/simbolos-discapacidad-300x65.jpg\" alt=\"\" width=\"300\" height=\"65\" srcset=\"https:\/\/ortopedianacional.cl\/wp-content\/uploads\/2018\/10\/simbolos-discapacidad-300x65.jpg 300w, https:\/\/ortopedianacional.cl\/wp-content\/uploads\/2018\/10\/simbolos-discapacidad.jpg 520w\" sizes=\"(max-width: 300px) 100vw, 300px\" \/><\/p>\n<\/div><\/div>\n<div class=\"small-12    large-3  columns   \"  ><div class=\"column-inner\"  >\n<p><strong>Contacto<\/strong><\/p>\n<ul>\n<li>Telefono\u00a0+569 9619 7481<\/li>\n<li>Direcci\u00f3n Diagonal Paraguay 110- Torre 18 Local 2<\/li>\n<li>Horario de Atenci\u00f3n<\/li>\n<li>Lunes a Viernes de 9.30 hrs a 17.00 hrs<\/li>\n<\/ul>\n<\/div><\/div>\n<\/div>\n  \n<\/div>\n      \n        <\/section><!-- .ux-section -->\n\n  \n","protected":false},"excerpt":{"rendered":"","protected":false},"author":1,"featured_media":0,"parent":0,"menu_order":0,"comment_status":"closed","ping_status":"closed","template":"page-blank.php","meta":{"footnotes":""},"class_list":["post-560","page","type-page","status-publish","hentry"],"_links":{"self":[{"href":"https:\/\/ortopedianacional.cl\/index.php\/wp-json\/wp\/v2\/pages\/560"}],"collection":[{"href":"https:\/\/ortopedianacional.cl\/index.php\/wp-json\/wp\/v2\/pages"}],"about":[{"href":"https:\/\/ortopedianacional.cl\/index.php\/wp-json\/wp\/v2\/types\/page"}],"author":[{"embeddable":true,"href":"https:\/\/ortopedianacional.cl\/index.php\/wp-json\/wp\/v2\/users\/1"}],"replies":[{"embeddable":true,"href":"https:\/\/ortopedianacional.cl\/index.php\/wp-json\/wp\/v2\/comments?post=560"}],"version-history":[{"count":4,"href":"https:\/\/ortopedianacional.cl\/index.php\/wp-json\/wp\/v2\/pages\/560\/revisions"}],"predecessor-version":[{"id":786,"href":"https:\/\/ortopedianacional.cl\/index.php\/wp-json\/wp\/v2\/pages\/560\/revisions\/786"}],"wp:attachment":[{"href":"https:\/\/ortopedianacional.cl\/index.php\/wp-json\/wp\/v2\/media?parent=560"}],"curies":[{"name":"wp","href":"https:\/\/api.w.org\/{rel}","templated":true}]}}