{"id":60,"date":"2018-08-15T23:44:36","date_gmt":"2018-08-15T23:44:36","guid":{"rendered":"http:\/\/www.ortopedianacional.gratishosting.cl\/?page_id=60"},"modified":"2023-04-10T16:27:48","modified_gmt":"2023-04-10T16:27:48","slug":"protesis-transtibiales","status":"publish","type":"page","link":"https:\/\/ortopedianacional.cl\/index.php\/protesis-transtibiales\/","title":{"rendered":"Pr\u00f3tesis Transtibiales"},"content":{"rendered":"\t<div  class=\"row container \">\n<div class=\"small-12    large-12  columns   \"  ><div class=\"column-inner\"  >\n<h3>Pr\u00f3tesis Transtibial<\/h3>\n<p>Las Pr\u00f3tesis transtibiales son para aquellos pacientes que sufren una amputaci\u00f3n\u00a0 que pasa por la tibia y el peron\u00e9 y puede ser de nivel distal, medio o proximal. En el nivel de amputaci\u00f3n Transtibial, el brazo de palanca \u00f3ptimo lo aporta una longitud del mu\u00f1\u00f3n de aproximadamente 15 cm, aunque es posible realizar amputaciones Transtibiales con mu\u00f1ones de hasta 7 cm. como m\u00ednimo de longitud, conservando las inserciones de los m\u00fasculos isquio-tibiales. Es importante que el cirujano responsable entienda el gran valor que tiene para la rehabilitaci\u00f3n, conservar la rodilla anat\u00f3mica.<\/p>\n<\/div><\/div>\n<\/div>\n  \n\t<div  class=\"row container \">\n<div class=\"small-12    large-6  columns   \"  ><div class=\"column-inner\"  >\n<\/div><\/div>\n<div class=\"small-12    large-6  columns   \"  ><div class=\"column-inner\"  >\n<\/div><\/div>\n<\/div>\n  \n    \n\t\t\n\t    <div class=\"row\">\t\t\n\t\t      \t  <div class=\"large-12 columns\">\n            <ul class=\"ux-row-slider js-flickity slider-nav-small  slider-nav-reveal  slider-nav-push large-block-grid-4 small-block-grid-2\"\n            \tdata-flickity-options='{ \n\t                \"cellAlign\": \"left\", \n\t                \"wrapAround\": true,\n\t                \"percentPosition\": true,\n\t                \"imagesLoaded\": true,\n\t                \"pageDots\": false,\n\t                \"selectedAttraction\" : 0.05,\n         \t\t    \"friction\": 0.6,\n\t                \"contain\": true\n\t            }'>\n        \t                        \n                \n                \n<li class=\"product-small  grid1 grid-normal\">\n<a href=\"https:\/\/ortopedianacional.cl\/index.php\/product\/sistema-aerolink-2\/\" class=\"woocommerce-LoopProduct-link woocommerce-loop-product__link\"><div class=\"inner-wrap\">\n<a href=\"https:\/\/ortopedianacional.cl\/index.php\/product\/sistema-aerolink-2\/\">\n      <div class=\"product-image hover_fade_in_back\">\n      \t         <div class=\"front-image\"><img loading=\"lazy\" decoding=\"async\" width=\"300\" height=\"300\" src=\"https:\/\/ortopedianacional.cl\/wp-content\/uploads\/2018\/09\/sistema_aerolink0-crop-u3755-300x300.jpg\" class=\"attachment-shop_catalog size-shop_catalog wp-post-image\" alt=\"\" srcset=\"https:\/\/ortopedianacional.cl\/wp-content\/uploads\/2018\/09\/sistema_aerolink0-crop-u3755-300x300.jpg 300w, https:\/\/ortopedianacional.cl\/wp-content\/uploads\/2018\/09\/sistema_aerolink0-crop-u3755-150x150.jpg 150w, https:\/\/ortopedianacional.cl\/wp-content\/uploads\/2018\/09\/sistema_aerolink0-crop-u3755-100x100.jpg 100w\" sizes=\"(max-width: 300px) 100vw, 300px\" \/><\/div>\n\t\t\t\t\t\t\t\t\n\t\t           <div class=\"quick-view\" data-prod=\"378\">Quick View<\/div>\n\t   \t \n\t   \t\t\t\n\t\t      <\/div><!-- end product-image -->\n<\/a>      \t\n\n    <div class=\"info style-grid1\">\n\n\t\n      <div class=\"text-center\">\n           <h5 class=\"category\">\n          \t\t<a href=\"https:\/\/ortopedianacional.cl\/index.php\/product-category\/protesis-2\/protesis-transtibiales\/\" rel=\"tag\">Protesis Transtibiales<\/a>          <\/h5>\n          <div class=\"tx-div small\"><\/div>\n          <a href=\"https:\/\/ortopedianacional.cl\/index.php\/product\/sistema-aerolink-2\/\"><p class=\"name\">Sistema Aerolink<\/p><\/a>\n          \n\t     \n      <\/div><!-- text-center -->\n\n     \t\t\n\t\n\t\t<\/div><!-- end info -->\t\n\n\n\n\n\n<\/div> <!-- .inner-wrap -->\n<\/li><!-- li.product-small -->                \n                \n<li class=\"product-small  grid1 grid-normal\">\n<a href=\"https:\/\/ortopedianacional.cl\/index.php\/product\/protesis-transtibial-convencional\/\" class=\"woocommerce-LoopProduct-link woocommerce-loop-product__link\"><div class=\"inner-wrap\">\n<a href=\"https:\/\/ortopedianacional.cl\/index.php\/product\/protesis-transtibial-convencional\/\">\n      <div class=\"product-image hover_fade_in_back\">\n      \t         <div class=\"front-image\"><img loading=\"lazy\" decoding=\"async\" width=\"300\" height=\"300\" src=\"https:\/\/ortopedianacional.cl\/wp-content\/uploads\/2018\/09\/protesis_transtibial_convencional0-crop-u3745-300x300.jpg\" class=\"attachment-shop_catalog size-shop_catalog wp-post-image\" alt=\"\" srcset=\"https:\/\/ortopedianacional.cl\/wp-content\/uploads\/2018\/09\/protesis_transtibial_convencional0-crop-u3745-300x300.jpg 300w, https:\/\/ortopedianacional.cl\/wp-content\/uploads\/2018\/09\/protesis_transtibial_convencional0-crop-u3745-150x150.jpg 150w, https:\/\/ortopedianacional.cl\/wp-content\/uploads\/2018\/09\/protesis_transtibial_convencional0-crop-u3745-100x100.jpg 100w\" sizes=\"(max-width: 300px) 100vw, 300px\" \/><\/div>\n\t\t\t\t\t\t\t\t\n\t\t           <div class=\"quick-view\" data-prod=\"379\">Quick View<\/div>\n\t   \t \n\t   \t\t\t\n\t\t      <\/div><!-- end product-image -->\n<\/a>      \t\n\n    <div class=\"info style-grid1\">\n\n\t\n      <div class=\"text-center\">\n           <h5 class=\"category\">\n          \t\t<a href=\"https:\/\/ortopedianacional.cl\/index.php\/product-category\/protesis-2\/protesis-transtibiales\/\" rel=\"tag\">Protesis Transtibiales<\/a>          <\/h5>\n          <div class=\"tx-div small\"><\/div>\n          <a href=\"https:\/\/ortopedianacional.cl\/index.php\/product\/protesis-transtibial-convencional\/\"><p class=\"name\">Protesis Transtibial Convencional<\/p><\/a>\n          \n\t     \n      <\/div><!-- text-center -->\n\n     \t\t\n\t\n\t\t<\/div><!-- end info -->\t\n\n\n\n\n\n<\/div> <!-- .inner-wrap -->\n<\/li><!-- li.product-small -->                \n                \n<li class=\"product-small  grid1 grid-normal\">\n<a href=\"https:\/\/ortopedianacional.cl\/index.php\/product\/harmony-grande\/\" class=\"woocommerce-LoopProduct-link woocommerce-loop-product__link\"><div class=\"inner-wrap\">\n<a href=\"https:\/\/ortopedianacional.cl\/index.php\/product\/harmony-grande\/\">\n      <div class=\"product-image hover_fade_in_back\">\n      \t         <div class=\"front-image\"><img loading=\"lazy\" decoding=\"async\" width=\"300\" height=\"300\" src=\"https:\/\/ortopedianacional.cl\/wp-content\/uploads\/2018\/09\/protesis_20harmony_20grande_20nuevo0-crop-u3751-300x300.jpg\" class=\"attachment-shop_catalog size-shop_catalog wp-post-image\" alt=\"\" srcset=\"https:\/\/ortopedianacional.cl\/wp-content\/uploads\/2018\/09\/protesis_20harmony_20grande_20nuevo0-crop-u3751-300x300.jpg 300w, https:\/\/ortopedianacional.cl\/wp-content\/uploads\/2018\/09\/protesis_20harmony_20grande_20nuevo0-crop-u3751-150x150.jpg 150w, https:\/\/ortopedianacional.cl\/wp-content\/uploads\/2018\/09\/protesis_20harmony_20grande_20nuevo0-crop-u3751-100x100.jpg 100w\" sizes=\"(max-width: 300px) 100vw, 300px\" \/><\/div>\n\t\t\t\t\t\t\t\t\n\t\t           <div class=\"quick-view\" data-prod=\"377\">Quick View<\/div>\n\t   \t \n\t   \t\t\t\n\t\t      <\/div><!-- end product-image -->\n<\/a>      \t\n\n    <div class=\"info style-grid1\">\n\n\t\n      <div class=\"text-center\">\n           <h5 class=\"category\">\n          \t\t<a href=\"https:\/\/ortopedianacional.cl\/index.php\/product-category\/protesis-2\/protesis-transtibiales\/\" rel=\"tag\">Protesis Transtibiales<\/a>          <\/h5>\n          <div class=\"tx-div small\"><\/div>\n          <a href=\"https:\/\/ortopedianacional.cl\/index.php\/product\/harmony-grande\/\"><p class=\"name\">Harmony Grande<\/p><\/a>\n          \n\t     \n      <\/div><!-- text-center -->\n\n     \t\t\n\t\n\t\t<\/div><!-- end info -->\t\n\n\n\n\n\n<\/div> <!-- .inner-wrap -->\n<\/li><!-- li.product-small -->                \n                \n<li class=\"product-small  grid1 grid-normal\">\n<a href=\"https:\/\/ortopedianacional.cl\/index.php\/product\/bajo-rodilla-modular\/\" class=\"woocommerce-LoopProduct-link woocommerce-loop-product__link\"><div class=\"inner-wrap\">\n<a href=\"https:\/\/ortopedianacional.cl\/index.php\/product\/bajo-rodilla-modular\/\">\n      <div class=\"product-image hover_fade_in_back\">\n      \t         <div class=\"front-image\"><img loading=\"lazy\" decoding=\"async\" width=\"300\" height=\"300\" src=\"https:\/\/ortopedianacional.cl\/wp-content\/uploads\/2018\/09\/protesis_20bajo_20rodilla_20modular0-crop-u3763-300x300.jpg\" class=\"attachment-shop_catalog size-shop_catalog wp-post-image\" alt=\"\" srcset=\"https:\/\/ortopedianacional.cl\/wp-content\/uploads\/2018\/09\/protesis_20bajo_20rodilla_20modular0-crop-u3763-300x300.jpg 300w, https:\/\/ortopedianacional.cl\/wp-content\/uploads\/2018\/09\/protesis_20bajo_20rodilla_20modular0-crop-u3763-150x150.jpg 150w, https:\/\/ortopedianacional.cl\/wp-content\/uploads\/2018\/09\/protesis_20bajo_20rodilla_20modular0-crop-u3763-100x100.jpg 100w\" sizes=\"(max-width: 300px) 100vw, 300px\" \/><\/div>\n\t\t\t\t\t\t\t\t\n\t\t           <div class=\"quick-view\" data-prod=\"376\">Quick View<\/div>\n\t   \t \n\t   \t\t\t\n\t\t      <\/div><!-- end product-image -->\n<\/a>      \t\n\n    <div class=\"info style-grid1\">\n\n\t\n      <div class=\"text-center\">\n           <h5 class=\"category\">\n          \t\t<a href=\"https:\/\/ortopedianacional.cl\/index.php\/product-category\/protesis-2\/protesis-transtibiales\/\" rel=\"tag\">Protesis Transtibiales<\/a>          <\/h5>\n          <div class=\"tx-div small\"><\/div>\n          <a href=\"https:\/\/ortopedianacional.cl\/index.php\/product\/bajo-rodilla-modular\/\"><p class=\"name\">Bajo rodilla modular<\/p><\/a>\n          \n\t     \n      <\/div><!-- text-center -->\n\n     \t\t\n\t\n\t\t<\/div><!-- end info -->\t\n\n\n\n\n\n<\/div> <!-- .inner-wrap -->\n<\/li><!-- li.product-small -->                                \n                      <\/ul>   <!-- .products -->  \n\t\t<\/div>\n\t<\/div><!-- .row -->\n   \t\n\t\n\n     \n     <section  class=\"ux-section dark\" style=\"background-color:#033b88!important;padding:0px 0;margin-bottom:0px!important;\">  \n      \n      \n     <div class=\"ux-section-content\">\n\t<div  class=\"row container \">\n<div class=\"small-12    large-3  columns   \"  ><div class=\"column-inner\"  >\n<p><strong>Men\u00fa<\/strong><\/p>\n<ul>\n<li>Quienes Somos<\/li>\n<li>Pacientes<\/li>\n<li>Pr\u00f3tesis<\/li>\n<li>Ortesis<\/li>\n<li>Contacto<\/li>\n<\/ul>\n<\/div><\/div>\n<div class=\"small-12    large-3  columns   \"  ><div class=\"column-inner\"  >\n<p><strong>Pr\u00f3tesis<\/strong><\/p>\n<ul>\n<li>Sistema de anclaje<\/li>\n<li>Articulaci\u00f3n de Cadera<\/li>\n<li>Rodillas Pr\u00f3tesicas<\/li>\n<li>Pies Pr\u00f3tesicos<\/li>\n<li>Transfemorales<\/li>\n<li>Transtibiales<\/li>\n<li>Aqualine<\/li>\n<li>Deportivas<\/li>\n<\/ul>\n<\/div><\/div>\n<div class=\"small-12    large-3  columns   \"  ><div class=\"column-inner\"  >\n<p><strong>\u00d3rtesis<\/strong><\/p>\n<ul>\n<li>Miembro Inferior<\/li>\n<li>Miembro Superior<\/li>\n<li>Columna<\/li>\n<li>Cadera<\/li>\n<li>Craneo<\/li>\n<\/ul>\n<p><img loading=\"lazy\" decoding=\"async\" class=\"alignnone size-medium wp-image-600\" src=\"http:\/\/ortopedianacional.cl\/wp-content\/uploads\/2018\/10\/simbolos-discapacidad-300x65.jpg\" alt=\"\" width=\"300\" height=\"65\" srcset=\"https:\/\/ortopedianacional.cl\/wp-content\/uploads\/2018\/10\/simbolos-discapacidad-300x65.jpg 300w, https:\/\/ortopedianacional.cl\/wp-content\/uploads\/2018\/10\/simbolos-discapacidad.jpg 520w\" sizes=\"(max-width: 300px) 100vw, 300px\" \/><\/p>\n<\/div><\/div>\n<div class=\"small-12    large-3  columns   \"  ><div class=\"column-inner\"  >\n<p><strong>Contacto<\/strong><\/p>\n<ul>\n<li>Telefono\u00a0+569 9619 7481<\/li>\n<li>Direcci\u00f3n Diagonal Paraguay 110- Torre 18 Local 2<\/li>\n<li>Horario de Atenci\u00f3n<\/li>\n<li>Lunes a Viernes de 9.30 hrs a 17.00 hrs<\/li>\n<\/ul>\n<\/div><\/div>\n<\/div>\n  \n<\/div>\n      \n        <\/section><!-- .ux-section -->\n\n  \n","protected":false},"excerpt":{"rendered":"","protected":false},"author":1,"featured_media":0,"parent":0,"menu_order":0,"comment_status":"closed","ping_status":"closed","template":"page-blank.php","meta":{"footnotes":""},"class_list":["post-60","page","type-page","status-publish","hentry"],"_links":{"self":[{"href":"https:\/\/ortopedianacional.cl\/index.php\/wp-json\/wp\/v2\/pages\/60"}],"collection":[{"href":"https:\/\/ortopedianacional.cl\/index.php\/wp-json\/wp\/v2\/pages"}],"about":[{"href":"https:\/\/ortopedianacional.cl\/index.php\/wp-json\/wp\/v2\/types\/page"}],"author":[{"embeddable":true,"href":"https:\/\/ortopedianacional.cl\/index.php\/wp-json\/wp\/v2\/users\/1"}],"replies":[{"embeddable":true,"href":"https:\/\/ortopedianacional.cl\/index.php\/wp-json\/wp\/v2\/comments?post=60"}],"version-history":[{"count":2,"href":"https:\/\/ortopedianacional.cl\/index.php\/wp-json\/wp\/v2\/pages\/60\/revisions"}],"predecessor-version":[{"id":804,"href":"https:\/\/ortopedianacional.cl\/index.php\/wp-json\/wp\/v2\/pages\/60\/revisions\/804"}],"wp:attachment":[{"href":"https:\/\/ortopedianacional.cl\/index.php\/wp-json\/wp\/v2\/media?parent=60"}],"curies":[{"name":"wp","href":"https:\/\/api.w.org\/{rel}","templated":true}]}}