{"id":64,"date":"2018-08-15T23:45:46","date_gmt":"2018-08-15T23:45:46","guid":{"rendered":"http:\/\/www.ortopedianacional.gratishosting.cl\/?page_id=64"},"modified":"2023-04-10T16:22:30","modified_gmt":"2023-04-10T16:22:30","slug":"protesis-deportivas","status":"publish","type":"page","link":"https:\/\/ortopedianacional.cl\/index.php\/protesis-deportivas\/","title":{"rendered":"Pr\u00f3tesis Deportivas"},"content":{"rendered":"\t<div  class=\"row container \">\n<div class=\"small-12    large-12  columns   \"  ><div class=\"column-inner\"  >\n<h3>Pr\u00f3tesis deportivas<\/h3>\n<p>Capas de soportar el impacto de correr la rodilla con rotador hidr\u00e1ulico 3S80 controla la flexi\u00f3n y extensi\u00f3n de la pr\u00f3tesis para dar una respuesta din\u00e1mica en las diferentes velocidades al correr.<\/p>\n<p>3S80El rotador hidr\u00e1ulico puede acomodar r\u00e1pidamente la flexi\u00f3n y extensi\u00f3n sin ralentizar al usuario mientras le provee pisadas seguras para grandes pasos poderosos.<\/p>\n<p>El dise\u00f1o compacto y ligero de la 3S80 la hace ideal para trotar de forma tranquila o tener carreras de car\u00e1cter competitivo.<\/p>\n<\/div><\/div>\n<\/div>\n  \n\t<div  class=\"row container \">\n<div class=\"small-12    large-6  columns   \"  ><div class=\"column-inner\"  >\n<p><iframe loading=\"lazy\" src=\"https:\/\/www.youtube.com\/embed\/P27GVE6n8lU\" width=\"560\" height=\"300\" frameborder=\"0\" allowfullscreen=\"allowfullscreen\"><\/iframe><\/p>\n<\/div><\/div>\n<div class=\"small-12    large-6  columns   \"  ><div class=\"column-inner\"  >\n   <div id=\"banner_1581252768\" class=\"ux_banner dark    \"  style=\"height:300px;  background-color:transparent!important\" data-height=\"300px\" role=\"banner\">\n                                  <div class=\"banner-bg \"  style=\"background-image:url('');  background-color:transparent!important\"><\/div>\n                             <div class=\"row\" >\n          <div class=\"inner center text-center \"  style=\"width:60%;\">\n            <div class=\"inner-wrap animated fadeIn\" style=\" \">\n                          <\/div>\n          <\/div>  \n        <\/div>\n                     <\/div><!-- end .ux_banner -->\n\n<\/div><\/div>\n<\/div>\n  \n    \n\t\t \n\t\t<div class=\"row\">\n\t\t\t<div class=\"large-12 columns\">\n\t\t\t\t<h3 class=\"section-title\"><span>Productos<\/span><\/h3>\n\t\t\t<\/div>\n\t\t<\/div><!-- end .title -->\n\t\t\n\t    <div class=\"row\">\t\t\n\t\t      \t  <div class=\"large-12 columns\">\n            <ul class=\"ux-row-slider js-flickity slider-nav-small  slider-nav-reveal  slider-nav-push large-block-grid-3 small-block-grid-2\"\n            \tdata-flickity-options='{ \n\t                \"cellAlign\": \"left\", \n\t                \"wrapAround\": true,\n\t                \"percentPosition\": true,\n\t                \"imagesLoaded\": true,\n\t                \"pageDots\": false,\n\t                \"selectedAttraction\" : 0.05,\n         \t\t    \"friction\": 0.6,\n\t                \"contain\": true\n\t            }'>\n        \t                        \n                \n                \n<li class=\"product-small  grid1 grid-normal\">\n<a href=\"https:\/\/ortopedianacional.cl\/index.php\/product\/flex-run\/\" class=\"woocommerce-LoopProduct-link woocommerce-loop-product__link\"><div class=\"inner-wrap\">\n<a href=\"https:\/\/ortopedianacional.cl\/index.php\/product\/flex-run\/\">\n      <div class=\"product-image hover_fade_in_back\">\n      \t         <div class=\"front-image\"><img loading=\"lazy\" decoding=\"async\" width=\"300\" height=\"300\" src=\"https:\/\/ortopedianacional.cl\/wp-content\/uploads\/2018\/08\/flex-run-300x300.jpg\" class=\"attachment-shop_catalog size-shop_catalog wp-post-image\" alt=\"\" srcset=\"https:\/\/ortopedianacional.cl\/wp-content\/uploads\/2018\/08\/flex-run-300x300.jpg 300w, https:\/\/ortopedianacional.cl\/wp-content\/uploads\/2018\/08\/flex-run-150x150.jpg 150w, https:\/\/ortopedianacional.cl\/wp-content\/uploads\/2018\/08\/flex-run-100x100.jpg 100w\" sizes=\"(max-width: 300px) 100vw, 300px\" \/><\/div>\n\t\t\t\t<div class=\"back-image back\"><img loading=\"lazy\" decoding=\"async\" width=\"300\" height=\"300\" src=\"https:\/\/ortopedianacional.cl\/wp-content\/uploads\/2018\/08\/flex-run-1-300x300.jpg\" class=\"attachment-shop_catalog size-shop_catalog\" alt=\"\" srcset=\"https:\/\/ortopedianacional.cl\/wp-content\/uploads\/2018\/08\/flex-run-1-300x300.jpg 300w, https:\/\/ortopedianacional.cl\/wp-content\/uploads\/2018\/08\/flex-run-1-150x150.jpg 150w, https:\/\/ortopedianacional.cl\/wp-content\/uploads\/2018\/08\/flex-run-1-768x768.jpg 768w, https:\/\/ortopedianacional.cl\/wp-content\/uploads\/2018\/08\/flex-run-1-600x600.jpg 600w, https:\/\/ortopedianacional.cl\/wp-content\/uploads\/2018\/08\/flex-run-1-100x100.jpg 100w, https:\/\/ortopedianacional.cl\/wp-content\/uploads\/2018\/08\/flex-run-1.jpg 800w\" sizes=\"(max-width: 300px) 100vw, 300px\" \/><\/div>\t\t\t\t\n\t\t           <div class=\"quick-view\" data-prod=\"174\">Quick View<\/div>\n\t   \t \n\t   \t\t\t\n\t\t      <\/div><!-- end product-image -->\n<\/a>      \t\n\n    <div class=\"info style-grid1\">\n\n\t\n      <div class=\"text-center\">\n           <h5 class=\"category\">\n          \t\t<a href=\"https:\/\/ortopedianacional.cl\/index.php\/product-category\/protesis-2\/protesis-deportivas\/\" rel=\"tag\">Pr\u00f3tesis deportivas<\/a>          <\/h5>\n          <div class=\"tx-div small\"><\/div>\n          <a href=\"https:\/\/ortopedianacional.cl\/index.php\/product\/flex-run\/\"><p class=\"name\">Flex-Run<\/p><\/a>\n          \n\t     \n      <\/div><!-- text-center -->\n\n     \t\t\n\t\n\t\t<\/div><!-- end info -->\t\n\n\n\n\n\n<\/div> <!-- .inner-wrap -->\n<\/li><!-- li.product-small -->                \n                \n<li class=\"product-small  grid1 grid-normal\">\n<a href=\"https:\/\/ortopedianacional.cl\/index.php\/product\/cheetah\/\" class=\"woocommerce-LoopProduct-link woocommerce-loop-product__link\"><div class=\"inner-wrap\">\n<a href=\"https:\/\/ortopedianacional.cl\/index.php\/product\/cheetah\/\">\n      <div class=\"product-image hover_fade_in_back\">\n      \t         <div class=\"front-image\"><img loading=\"lazy\" decoding=\"async\" width=\"300\" height=\"300\" src=\"https:\/\/ortopedianacional.cl\/wp-content\/uploads\/2018\/08\/flex-foot-cheta-300x300.jpg\" class=\"attachment-shop_catalog size-shop_catalog wp-post-image\" alt=\"\" srcset=\"https:\/\/ortopedianacional.cl\/wp-content\/uploads\/2018\/08\/flex-foot-cheta-300x300.jpg 300w, https:\/\/ortopedianacional.cl\/wp-content\/uploads\/2018\/08\/flex-foot-cheta-150x150.jpg 150w, https:\/\/ortopedianacional.cl\/wp-content\/uploads\/2018\/08\/flex-foot-cheta-100x100.jpg 100w\" sizes=\"(max-width: 300px) 100vw, 300px\" \/><\/div>\n\t\t\t\t\t\t\t\t\n\t\t           <div class=\"quick-view\" data-prod=\"172\">Quick View<\/div>\n\t   \t \n\t   \t\t\t\n\t\t      <\/div><!-- end product-image -->\n<\/a>      \t\n\n    <div class=\"info style-grid1\">\n\n\t\n      <div class=\"text-center\">\n           <h5 class=\"category\">\n          \t\t<a href=\"https:\/\/ortopedianacional.cl\/index.php\/product-category\/protesis-2\/protesis-deportivas\/\" rel=\"tag\">Pr\u00f3tesis deportivas<\/a>          <\/h5>\n          <div class=\"tx-div small\"><\/div>\n          <a href=\"https:\/\/ortopedianacional.cl\/index.php\/product\/cheetah\/\"><p class=\"name\">Flex-Foot Cheetah<\/p><\/a>\n          \n\t     \n      <\/div><!-- text-center -->\n\n     \t\t\n\t\n\t\t<\/div><!-- end info -->\t\n\n\n\n\n\n<\/div> <!-- .inner-wrap -->\n<\/li><!-- li.product-small -->                \n                \n<li class=\"product-small  grid1 grid-normal\">\n<a href=\"https:\/\/ortopedianacional.cl\/index.php\/product\/cheetah-xtreme\/\" class=\"woocommerce-LoopProduct-link woocommerce-loop-product__link\"><div class=\"inner-wrap\">\n<a href=\"https:\/\/ortopedianacional.cl\/index.php\/product\/cheetah-xtreme\/\">\n      <div class=\"product-image hover_fade_in_back\">\n      \t         <div class=\"front-image\"><img loading=\"lazy\" decoding=\"async\" width=\"300\" height=\"300\" src=\"https:\/\/ortopedianacional.cl\/wp-content\/uploads\/2018\/08\/cheetah-xtreme-300x300.jpg\" class=\"attachment-shop_catalog size-shop_catalog wp-post-image\" alt=\"\" srcset=\"https:\/\/ortopedianacional.cl\/wp-content\/uploads\/2018\/08\/cheetah-xtreme-300x300.jpg 300w, https:\/\/ortopedianacional.cl\/wp-content\/uploads\/2018\/08\/cheetah-xtreme-150x150.jpg 150w, https:\/\/ortopedianacional.cl\/wp-content\/uploads\/2018\/08\/cheetah-xtreme-100x100.jpg 100w\" sizes=\"(max-width: 300px) 100vw, 300px\" \/><\/div>\n\t\t\t\t<div class=\"back-image back\"><img loading=\"lazy\" decoding=\"async\" width=\"300\" height=\"300\" src=\"https:\/\/ortopedianacional.cl\/wp-content\/uploads\/2018\/08\/cheetah-xtreme.-2-300x300.jpg\" class=\"attachment-shop_catalog size-shop_catalog\" alt=\"\" srcset=\"https:\/\/ortopedianacional.cl\/wp-content\/uploads\/2018\/08\/cheetah-xtreme.-2-300x300.jpg 300w, https:\/\/ortopedianacional.cl\/wp-content\/uploads\/2018\/08\/cheetah-xtreme.-2-150x150.jpg 150w, https:\/\/ortopedianacional.cl\/wp-content\/uploads\/2018\/08\/cheetah-xtreme.-2.jpg 600w, https:\/\/ortopedianacional.cl\/wp-content\/uploads\/2018\/08\/cheetah-xtreme.-2-100x100.jpg 100w\" sizes=\"(max-width: 300px) 100vw, 300px\" \/><\/div>\t\t\t\t\n\t\t           <div class=\"quick-view\" data-prod=\"170\">Quick View<\/div>\n\t   \t \n\t   \t\t\t\n\t\t      <\/div><!-- end product-image -->\n<\/a>      \t\n\n    <div class=\"info style-grid1\">\n\n\t\n      <div class=\"text-center\">\n           <h5 class=\"category\">\n          \t\t<a href=\"https:\/\/ortopedianacional.cl\/index.php\/product-category\/protesis-2\/protesis-deportivas\/\" rel=\"tag\">Pr\u00f3tesis deportivas<\/a>          <\/h5>\n          <div class=\"tx-div small\"><\/div>\n          <a href=\"https:\/\/ortopedianacional.cl\/index.php\/product\/cheetah-xtreme\/\"><p class=\"name\">Cheetah Xtreme<\/p><\/a>\n          \n\t     \n      <\/div><!-- text-center -->\n\n     \t\t\n\t\n\t\t<\/div><!-- end info -->\t\n\n\n\n\n\n<\/div> <!-- .inner-wrap -->\n<\/li><!-- li.product-small -->                \n                \n<li class=\"product-small  grid1 grid-normal\">\n<a href=\"https:\/\/ortopedianacional.cl\/index.php\/product\/cheetah-xtend\/\" class=\"woocommerce-LoopProduct-link woocommerce-loop-product__link\"><div class=\"inner-wrap\">\n<a href=\"https:\/\/ortopedianacional.cl\/index.php\/product\/cheetah-xtend\/\">\n      <div class=\"product-image hover_fade_in_back\">\n      \t         <div class=\"front-image\"><img loading=\"lazy\" decoding=\"async\" width=\"300\" height=\"300\" src=\"https:\/\/ortopedianacional.cl\/wp-content\/uploads\/2018\/08\/cheeta-xtend-300x300.jpg\" class=\"attachment-shop_catalog size-shop_catalog wp-post-image\" alt=\"\" srcset=\"https:\/\/ortopedianacional.cl\/wp-content\/uploads\/2018\/08\/cheeta-xtend-300x300.jpg 300w, https:\/\/ortopedianacional.cl\/wp-content\/uploads\/2018\/08\/cheeta-xtend-150x150.jpg 150w, https:\/\/ortopedianacional.cl\/wp-content\/uploads\/2018\/08\/cheeta-xtend-100x100.jpg 100w\" sizes=\"(max-width: 300px) 100vw, 300px\" \/><\/div>\n\t\t\t\t\t\t\t\t\n\t\t           <div class=\"quick-view\" data-prod=\"168\">Quick View<\/div>\n\t   \t \n\t   \t\t\t\n\t\t      <\/div><!-- end product-image -->\n<\/a>      \t\n\n    <div class=\"info style-grid1\">\n\n\t\n      <div class=\"text-center\">\n           <h5 class=\"category\">\n          \t\t<a href=\"https:\/\/ortopedianacional.cl\/index.php\/product-category\/protesis-2\/protesis-deportivas\/\" rel=\"tag\">Pr\u00f3tesis deportivas<\/a>          <\/h5>\n          <div class=\"tx-div small\"><\/div>\n          <a href=\"https:\/\/ortopedianacional.cl\/index.php\/product\/cheetah-xtend\/\"><p class=\"name\">Cheetah Xtend<\/p><\/a>\n          \n\t     \n      <\/div><!-- text-center -->\n\n     \t\t\n\t\n\t\t<\/div><!-- end info -->\t\n\n\n\n\n\n<\/div> <!-- .inner-wrap -->\n<\/li><!-- li.product-small -->                \n                \n<li class=\"product-small  grid1 grid-normal\">\n<a href=\"https:\/\/ortopedianacional.cl\/index.php\/product\/articulacion-hidraulica-de-cadera\/\" class=\"woocommerce-LoopProduct-link woocommerce-loop-product__link\"><div class=\"inner-wrap\">\n<a href=\"https:\/\/ortopedianacional.cl\/index.php\/product\/articulacion-hidraulica-de-cadera\/\">\n      <div class=\"product-image hover_fade_in_back\">\n      \t         <div class=\"front-image\"><img loading=\"lazy\" decoding=\"async\" width=\"300\" height=\"259\" src=\"https:\/\/ortopedianacional.cl\/wp-content\/uploads\/2018\/08\/carbonfederfu\u00df_sprinter_1e90_16_9_hotspot-300x259.jpg\" class=\"attachment-shop_catalog size-shop_catalog wp-post-image\" alt=\"\" \/><\/div>\n\t\t\t\t\t\t\t\t\n\t\t           <div class=\"quick-view\" data-prod=\"166\">Quick View<\/div>\n\t   \t \n\t   \t\t\t\n\t\t      <\/div><!-- end product-image -->\n<\/a>      \t\n\n    <div class=\"info style-grid1\">\n\n\t\n      <div class=\"text-center\">\n           <h5 class=\"category\">\n          \t\t<a href=\"https:\/\/ortopedianacional.cl\/index.php\/product-category\/protesis-2\/protesis-deportivas\/\" rel=\"tag\">Pr\u00f3tesis deportivas<\/a>          <\/h5>\n          <div class=\"tx-div small\"><\/div>\n          <a href=\"https:\/\/ortopedianacional.cl\/index.php\/product\/articulacion-hidraulica-de-cadera\/\"><p class=\"name\">Protesis Sprinter<\/p><\/a>\n          \n\t     \n      <\/div><!-- text-center -->\n\n     \t\t\n\t\n\t\t<\/div><!-- end info -->\t\n\n\n\n\n\n<\/div> <!-- .inner-wrap -->\n<\/li><!-- li.product-small -->                \n                \n<li class=\"product-small  grid1 grid-normal\">\n<a href=\"https:\/\/ortopedianacional.cl\/index.php\/product\/articulacion-cadera-e710-helix-3d\/\" class=\"woocommerce-LoopProduct-link woocommerce-loop-product__link\"><div class=\"inner-wrap\">\n<a href=\"https:\/\/ortopedianacional.cl\/index.php\/product\/articulacion-cadera-e710-helix-3d\/\">\n      <div class=\"product-image hover_fade_in_back\">\n      \t         <div class=\"front-image\"><img loading=\"lazy\" decoding=\"async\" width=\"300\" height=\"300\" src=\"https:\/\/ortopedianacional.cl\/wp-content\/uploads\/2018\/08\/protesis-deportiva-300x300.jpg\" class=\"attachment-shop_catalog size-shop_catalog wp-post-image\" alt=\"\" srcset=\"https:\/\/ortopedianacional.cl\/wp-content\/uploads\/2018\/08\/protesis-deportiva-300x300.jpg 300w, https:\/\/ortopedianacional.cl\/wp-content\/uploads\/2018\/08\/protesis-deportiva-150x150.jpg 150w, https:\/\/ortopedianacional.cl\/wp-content\/uploads\/2018\/08\/protesis-deportiva-100x100.jpg 100w, https:\/\/ortopedianacional.cl\/wp-content\/uploads\/2018\/08\/protesis-deportiva.jpg 479w\" sizes=\"(max-width: 300px) 100vw, 300px\" \/><\/div>\n\t\t\t\t<div class=\"back-image back\"><img loading=\"lazy\" decoding=\"async\" width=\"300\" height=\"300\" src=\"https:\/\/ortopedianacional.cl\/wp-content\/uploads\/2018\/08\/protesis-deportiva-2-300x300.jpg\" class=\"attachment-shop_catalog size-shop_catalog\" alt=\"\" srcset=\"https:\/\/ortopedianacional.cl\/wp-content\/uploads\/2018\/08\/protesis-deportiva-2-300x300.jpg 300w, https:\/\/ortopedianacional.cl\/wp-content\/uploads\/2018\/08\/protesis-deportiva-2-150x150.jpg 150w, https:\/\/ortopedianacional.cl\/wp-content\/uploads\/2018\/08\/protesis-deportiva-2-100x100.jpg 100w\" sizes=\"(max-width: 300px) 100vw, 300px\" \/><\/div>\t\t\t\t\n\t\t           <div class=\"quick-view\" data-prod=\"157\">Quick View<\/div>\n\t   \t \n\t   \t\t\t\n\t\t      <\/div><!-- end product-image -->\n<\/a>      \t\n\n    <div class=\"info style-grid1\">\n\n\t\n      <div class=\"text-center\">\n           <h5 class=\"category\">\n          \t\t<a href=\"https:\/\/ortopedianacional.cl\/index.php\/product-category\/protesis-2\/protesis-deportivas\/\" rel=\"tag\">Pr\u00f3tesis deportivas<\/a>          <\/h5>\n          <div class=\"tx-div small\"><\/div>\n          <a href=\"https:\/\/ortopedianacional.cl\/index.php\/product\/articulacion-cadera-e710-helix-3d\/\"><p class=\"name\">Pr\u00f3tesis de carrera con rodilla 3S80<\/p><\/a>\n          \n\t     \n      <\/div><!-- text-center -->\n\n     \t\t\n\t\n\t\t<\/div><!-- end info -->\t\n\n\n\n\n\n<\/div> <!-- .inner-wrap -->\n<\/li><!-- li.product-small -->                                \n                      <\/ul>   <!-- .products -->  \n\t\t<\/div>\n\t<\/div><!-- .row -->\n   \t\n\t\n\n     \n     <section  class=\"ux-section dark\" style=\"background-color:#033b88!important;padding:0px 0;margin-bottom:0px!important;\">  \n      \n      \n     <div class=\"ux-section-content\">\n\t<div  class=\"row container \">\n<div class=\"small-12    large-3  columns   \"  ><div class=\"column-inner\"  >\n<p><strong>Men\u00fa<\/strong><\/p>\n<ul>\n<li>Quienes Somos<\/li>\n<li>Pacientes<\/li>\n<li>Pr\u00f3tesis<\/li>\n<li>Ortesis<\/li>\n<li>Contacto<\/li>\n<\/ul>\n<\/div><\/div>\n<div class=\"small-12    large-3  columns   \"  ><div class=\"column-inner\"  >\n<p><strong>Pr\u00f3tesis<\/strong><\/p>\n<ul>\n<li>Sistema de anclaje<\/li>\n<li>Articulaci\u00f3n de Cadera<\/li>\n<li>Rodillas Pr\u00f3tesicas<\/li>\n<li>Pies Pr\u00f3tesicos<\/li>\n<li>Transfemorales<\/li>\n<li>Transtibiales<\/li>\n<li>Aqualine<\/li>\n<li>Deportivas<\/li>\n<\/ul>\n<\/div><\/div>\n<div class=\"small-12    large-3  columns   \"  ><div class=\"column-inner\"  >\n<p><strong>\u00d3rtesis<\/strong><\/p>\n<ul>\n<li>Miembro Inferior<\/li>\n<li>Miembro Superior<\/li>\n<li>Columna<\/li>\n<li>Cadera<\/li>\n<li>Craneo<\/li>\n<\/ul>\n<p><img loading=\"lazy\" decoding=\"async\" class=\"alignnone size-full wp-image-130\" src=\"http:\/\/ortopedianacional.cl\/wp-content\/uploads\/2018\/08\/simbolos-discapacidad.jpg\" alt=\"\" width=\"520\" height=\"112\" \/><\/p>\n<\/div><\/div>\n<div class=\"small-12    large-3  columns   \"  ><div class=\"column-inner\"  >\n<p><strong>Contacto<\/strong><\/p>\n<ul>\n<li>Telefono\u00a0+569 9619 7481<\/li>\n<li>Direcci\u00f3n Diagonal Paraguay 110- Torre 18 Local 2<\/li>\n<li>Horario de Atenci\u00f3n<\/li>\n<li>Lunes a Viernes de 9.30 hrs a 17.00 hrs<\/li>\n<\/ul>\n<\/div><\/div>\n<\/div>\n  \n<\/div>\n      \n        <\/section><!-- .ux-section -->\n\n  \n","protected":false},"excerpt":{"rendered":"","protected":false},"author":1,"featured_media":0,"parent":0,"menu_order":0,"comment_status":"closed","ping_status":"closed","template":"page-blank.php","meta":{"footnotes":""},"class_list":["post-64","page","type-page","status-publish","hentry"],"_links":{"self":[{"href":"https:\/\/ortopedianacional.cl\/index.php\/wp-json\/wp\/v2\/pages\/64"}],"collection":[{"href":"https:\/\/ortopedianacional.cl\/index.php\/wp-json\/wp\/v2\/pages"}],"about":[{"href":"https:\/\/ortopedianacional.cl\/index.php\/wp-json\/wp\/v2\/types\/page"}],"author":[{"embeddable":true,"href":"https:\/\/ortopedianacional.cl\/index.php\/wp-json\/wp\/v2\/users\/1"}],"replies":[{"embeddable":true,"href":"https:\/\/ortopedianacional.cl\/index.php\/wp-json\/wp\/v2\/comments?post=64"}],"version-history":[{"count":1,"href":"https:\/\/ortopedianacional.cl\/index.php\/wp-json\/wp\/v2\/pages\/64\/revisions"}],"predecessor-version":[{"id":797,"href":"https:\/\/ortopedianacional.cl\/index.php\/wp-json\/wp\/v2\/pages\/64\/revisions\/797"}],"wp:attachment":[{"href":"https:\/\/ortopedianacional.cl\/index.php\/wp-json\/wp\/v2\/media?parent=64"}],"curies":[{"name":"wp","href":"https:\/\/api.w.org\/{rel}","templated":true}]}}