{"id":166,"date":"2018-08-26T23:18:36","date_gmt":"2018-08-26T23:18:36","guid":{"rendered":"http:\/\/www.ortopedianacional.gratishosting.cl\/?post_type=product&#038;p=166"},"modified":"2018-10-16T15:09:23","modified_gmt":"2018-10-16T15:09:23","slug":"articulacion-hidraulica-de-cadera","status":"publish","type":"product","link":"https:\/\/ortopedianacional.cl\/index.php\/product\/articulacion-hidraulica-de-cadera\/","title":{"rendered":"Protesis Sprinter"},"content":{"rendered":"","protected":false},"excerpt":{"rendered":"<p>El pie de resorte de carbono es muy resistente y proporciona un alto retorno de energ\u00eda. Disponible en varios niveles de rigidez y en diferentes longitudes de piernas inferiores, el pie prot\u00e9sico est\u00e1 disponible de acuerdo con el peso y tama\u00f1o de su cuerpo.<\/p>\n","protected":false},"featured_media":756,"comment_status":"closed","ping_status":"closed","template":"","meta":[],"product_cat":[23],"product_tag":[],"class_list":{"0":"post-166","1":"product","2":"type-product","3":"status-publish","4":"has-post-thumbnail","6":"product_cat-protesis-deportivas","8":"first","9":"instock","10":"shipping-taxable","11":"product-type-simple"},"_links":{"self":[{"href":"https:\/\/ortopedianacional.cl\/index.php\/wp-json\/wp\/v2\/product\/166"}],"collection":[{"href":"https:\/\/ortopedianacional.cl\/index.php\/wp-json\/wp\/v2\/product"}],"about":[{"href":"https:\/\/ortopedianacional.cl\/index.php\/wp-json\/wp\/v2\/types\/product"}],"replies":[{"embeddable":true,"href":"https:\/\/ortopedianacional.cl\/index.php\/wp-json\/wp\/v2\/comments?post=166"}],"wp:featuredmedia":[{"embeddable":true,"href":"https:\/\/ortopedianacional.cl\/index.php\/wp-json\/wp\/v2\/media\/756"}],"wp:attachment":[{"href":"https:\/\/ortopedianacional.cl\/index.php\/wp-json\/wp\/v2\/media?parent=166"}],"wp:term":[{"taxonomy":"product_cat","embeddable":true,"href":"https:\/\/ortopedianacional.cl\/index.php\/wp-json\/wp\/v2\/product_cat?post=166"},{"taxonomy":"product_tag","embeddable":true,"href":"https:\/\/ortopedianacional.cl\/index.php\/wp-json\/wp\/v2\/product_tag?post=166"}],"curies":[{"name":"wp","href":"https:\/\/api.w.org\/{rel}","templated":true}]}}