{"id":172,"date":"2018-08-26T23:25:29","date_gmt":"2018-08-26T23:25:29","guid":{"rendered":"http:\/\/www.ortopedianacional.gratishosting.cl\/?post_type=product&#038;p=172"},"modified":"2018-10-16T15:00:20","modified_gmt":"2018-10-16T15:00:20","slug":"cheetah","status":"publish","type":"product","link":"https:\/\/ortopedianacional.cl\/index.php\/product\/cheetah\/","title":{"rendered":"Flex-Foot Cheetah"},"content":{"rendered":"","protected":false},"excerpt":{"rendered":"<p><span id=\"result_box\" class=\"\" lang=\"es\" tabindex=\"-1\">Un verdadero campe\u00f3n: el \u00fanico pie prot\u00e9sico que ha corrido los Juegos Ol\u00edmpicos.<\/span><\/p>\n<p>El Cheetah fue el primer pie deportivo de su clase cuando se lanz\u00f3 por primera vez en 1996. Desde entonces, el Cheetah ha sido el pie elegido por los atletas de todo el mundo.<\/p>\n<p>Cheetah se recomienda para carreras de larga distancia para usuarios de TT que no tienen espacio para Flex-Run con Nike Sole. Para los nuevos favoritos del equipo \u00d6ssur, se recomiendan Cheetah Xtreme y Cheetah Xtend.<\/p>\n","protected":false},"featured_media":752,"comment_status":"closed","ping_status":"closed","template":"","meta":[],"product_cat":[23],"product_tag":[],"class_list":{"0":"post-172","1":"product","2":"type-product","3":"status-publish","4":"has-post-thumbnail","6":"product_cat-protesis-deportivas","8":"first","9":"instock","10":"shipping-taxable","11":"product-type-simple"},"_links":{"self":[{"href":"https:\/\/ortopedianacional.cl\/index.php\/wp-json\/wp\/v2\/product\/172"}],"collection":[{"href":"https:\/\/ortopedianacional.cl\/index.php\/wp-json\/wp\/v2\/product"}],"about":[{"href":"https:\/\/ortopedianacional.cl\/index.php\/wp-json\/wp\/v2\/types\/product"}],"replies":[{"embeddable":true,"href":"https:\/\/ortopedianacional.cl\/index.php\/wp-json\/wp\/v2\/comments?post=172"}],"wp:featuredmedia":[{"embeddable":true,"href":"https:\/\/ortopedianacional.cl\/index.php\/wp-json\/wp\/v2\/media\/752"}],"wp:attachment":[{"href":"https:\/\/ortopedianacional.cl\/index.php\/wp-json\/wp\/v2\/media?parent=172"}],"wp:term":[{"taxonomy":"product_cat","embeddable":true,"href":"https:\/\/ortopedianacional.cl\/index.php\/wp-json\/wp\/v2\/product_cat?post=172"},{"taxonomy":"product_tag","embeddable":true,"href":"https:\/\/ortopedianacional.cl\/index.php\/wp-json\/wp\/v2\/product_tag?post=172"}],"curies":[{"name":"wp","href":"https:\/\/api.w.org\/{rel}","templated":true}]}}