{"id":190,"date":"2018-08-27T02:30:15","date_gmt":"2018-08-27T02:30:15","guid":{"rendered":"http:\/\/www.ortopedianacional.gratishosting.cl\/?post_type=product&#038;p=190"},"modified":"2018-10-16T14:53:35","modified_gmt":"2018-10-16T14:53:35","slug":"otp-fibra-de-carbono","status":"publish","type":"product","link":"https:\/\/ortopedianacional.cl\/index.php\/product\/otp-fibra-de-carbono\/","title":{"rendered":"Otp Fibra de Carbono"},"content":{"rendered":"","protected":false},"excerpt":{"rendered":"<div class=\"box-inner body\">\n<h3 class=\"heading-base-highlight\" data-bind=\"html: initial.inner.headline\">Caminar m\u00e1s seguro<\/h3>\n<div class=\"hotspot-copy\" data-bind=\"html: initial.inner.copy\">\n<p>Las personas con pie pendular permanente dependen de una ayuda m\u00e9dica que levante su pie mientras caminan.<\/p>\n<p>Eso es precisamente lo que WalkOn hace. Ayuda a elevar el pie durante la fase de balanceo de modo que la marcha se hace m\u00e1s segura de nuevo mientras se reduce el riesgo de tropezones y ca\u00eddas. La punta del pie ya no queda atrapada tan f\u00e1cilmente en peque\u00f1os obst\u00e1culos o terreno irregular.<\/p>\n<p>La \u00f3rtesis de tobillo y pie est\u00e1 fabricada en un moderno material preimpregnado de fibra de carbono que es muy ligero. Dispone de un resorte de fibra de carbono en la parte posterior que se extiende desde el tend\u00f3n de Aquiles hacia la pantorrilla. Para usuarios con musculatura residual, la WalkOn proporciona soporte al caminar. Al despegar los dedos, la \u00f3rtesis libera la energ\u00eda previamente almacenada de modo que el caminar se hace m\u00e1s suave. La articulaci\u00f3n de tobillo se estabiliza al mismo tiempo.<\/p>\n<\/div>\n<\/div>\n","protected":false},"featured_media":747,"comment_status":"closed","ping_status":"closed","template":"","meta":[],"product_cat":[20],"product_tag":[],"class_list":{"0":"post-190","1":"product","2":"type-product","3":"status-publish","4":"has-post-thumbnail","6":"product_cat-ortesis-miembro-inferior","8":"first","9":"instock","10":"shipping-taxable","11":"product-type-simple"},"_links":{"self":[{"href":"https:\/\/ortopedianacional.cl\/index.php\/wp-json\/wp\/v2\/product\/190"}],"collection":[{"href":"https:\/\/ortopedianacional.cl\/index.php\/wp-json\/wp\/v2\/product"}],"about":[{"href":"https:\/\/ortopedianacional.cl\/index.php\/wp-json\/wp\/v2\/types\/product"}],"replies":[{"embeddable":true,"href":"https:\/\/ortopedianacional.cl\/index.php\/wp-json\/wp\/v2\/comments?post=190"}],"wp:featuredmedia":[{"embeddable":true,"href":"https:\/\/ortopedianacional.cl\/index.php\/wp-json\/wp\/v2\/media\/747"}],"wp:attachment":[{"href":"https:\/\/ortopedianacional.cl\/index.php\/wp-json\/wp\/v2\/media?parent=190"}],"wp:term":[{"taxonomy":"product_cat","embeddable":true,"href":"https:\/\/ortopedianacional.cl\/index.php\/wp-json\/wp\/v2\/product_cat?post=190"},{"taxonomy":"product_tag","embeddable":true,"href":"https:\/\/ortopedianacional.cl\/index.php\/wp-json\/wp\/v2\/product_tag?post=190"}],"curies":[{"name":"wp","href":"https:\/\/api.w.org\/{rel}","templated":true}]}}