{"id":191,"date":"2018-08-27T02:32:41","date_gmt":"2018-08-27T02:32:41","guid":{"rendered":"http:\/\/www.ortopedianacional.gratishosting.cl\/?post_type=product&#038;p=191"},"modified":"2018-10-16T14:51:52","modified_gmt":"2018-10-16T14:51:52","slug":"otp-polipropileno","status":"publish","type":"product","link":"https:\/\/ortopedianacional.cl\/index.php\/product\/otp-polipropileno\/","title":{"rendered":"Otp polipropileno"},"content":{"rendered":"","protected":false},"excerpt":{"rendered":"<p>CARACTER\u00cdSTICAS<br \/>\n-Contorneada en forma anat\u00f3mica de la musculatura posterior de la pierna y la planta del pie.<br \/>\nAPLICACIONES<br \/>\n-Par\u00e1lisis del ci\u00e1tico, popl\u00edteo externo, pie esp\u00e1stico.<br \/>\nMATERIAL<br \/>\n-Polipropileno y velcron<\/p>\n","protected":false},"featured_media":746,"comment_status":"closed","ping_status":"closed","template":"","meta":[],"product_cat":[20],"product_tag":[],"class_list":{"0":"post-191","1":"product","2":"type-product","3":"status-publish","4":"has-post-thumbnail","6":"product_cat-ortesis-miembro-inferior","8":"first","9":"instock","10":"shipping-taxable","11":"product-type-simple"},"_links":{"self":[{"href":"https:\/\/ortopedianacional.cl\/index.php\/wp-json\/wp\/v2\/product\/191"}],"collection":[{"href":"https:\/\/ortopedianacional.cl\/index.php\/wp-json\/wp\/v2\/product"}],"about":[{"href":"https:\/\/ortopedianacional.cl\/index.php\/wp-json\/wp\/v2\/types\/product"}],"replies":[{"embeddable":true,"href":"https:\/\/ortopedianacional.cl\/index.php\/wp-json\/wp\/v2\/comments?post=191"}],"wp:featuredmedia":[{"embeddable":true,"href":"https:\/\/ortopedianacional.cl\/index.php\/wp-json\/wp\/v2\/media\/746"}],"wp:attachment":[{"href":"https:\/\/ortopedianacional.cl\/index.php\/wp-json\/wp\/v2\/media?parent=191"}],"wp:term":[{"taxonomy":"product_cat","embeddable":true,"href":"https:\/\/ortopedianacional.cl\/index.php\/wp-json\/wp\/v2\/product_cat?post=191"},{"taxonomy":"product_tag","embeddable":true,"href":"https:\/\/ortopedianacional.cl\/index.php\/wp-json\/wp\/v2\/product_tag?post=191"}],"curies":[{"name":"wp","href":"https:\/\/api.w.org\/{rel}","templated":true}]}}