{"id":197,"date":"2018-08-27T02:41:46","date_gmt":"2018-08-27T02:41:46","guid":{"rendered":"http:\/\/www.ortopedianacional.gratishosting.cl\/?post_type=product&#038;p=197"},"modified":"2018-10-16T14:42:59","modified_gmt":"2018-10-16T14:42:59","slug":"calzado-ortopedico","status":"publish","type":"product","link":"https:\/\/ortopedianacional.cl\/index.php\/product\/calzado-ortopedico\/","title":{"rendered":"Calzado Ortopedico"},"content":{"rendered":"","protected":false},"excerpt":{"rendered":"<p>Los zapatos ortop\u00e9dicos son aquellos prescritos por especialistas cuando se presenta alguna deformaci\u00f3n o deficiencia en uno o ambos pies, ya sea de tipo \u00f3seo, muscular, neurol\u00f3gico, o articular, siempre y cuando estas deficiencias no se puedan corregir por s\u00ed solas a trav\u00e9s del uso de zapatos comunes.<\/p>\n<p>Lo m\u00e1s normal es utilizarlos por problemas de pie plano, desviaci\u00f3n de metatarso y pie zambo, aunque hay otras muchas deficiencias para las que se hace necesario el uso de zapatos ortop\u00e9dicos.<\/p>\n<p>A veces no somos conscientes pero tener problemas en los pies puede acarrear lesiones lumbares, dolores de espalda y desviaciones de columna si no se tratan con un buen ortopedista y se utilizan zapatos ortop\u00e9dicos.<\/p>\n","protected":false},"featured_media":741,"comment_status":"closed","ping_status":"closed","template":"","meta":[],"product_cat":[20],"product_tag":[],"class_list":{"0":"post-197","1":"product","2":"type-product","3":"status-publish","4":"has-post-thumbnail","6":"product_cat-ortesis-miembro-inferior","8":"first","9":"instock","10":"shipping-taxable","11":"product-type-simple"},"_links":{"self":[{"href":"https:\/\/ortopedianacional.cl\/index.php\/wp-json\/wp\/v2\/product\/197"}],"collection":[{"href":"https:\/\/ortopedianacional.cl\/index.php\/wp-json\/wp\/v2\/product"}],"about":[{"href":"https:\/\/ortopedianacional.cl\/index.php\/wp-json\/wp\/v2\/types\/product"}],"replies":[{"embeddable":true,"href":"https:\/\/ortopedianacional.cl\/index.php\/wp-json\/wp\/v2\/comments?post=197"}],"wp:featuredmedia":[{"embeddable":true,"href":"https:\/\/ortopedianacional.cl\/index.php\/wp-json\/wp\/v2\/media\/741"}],"wp:attachment":[{"href":"https:\/\/ortopedianacional.cl\/index.php\/wp-json\/wp\/v2\/media?parent=197"}],"wp:term":[{"taxonomy":"product_cat","embeddable":true,"href":"https:\/\/ortopedianacional.cl\/index.php\/wp-json\/wp\/v2\/product_cat?post=197"},{"taxonomy":"product_tag","embeddable":true,"href":"https:\/\/ortopedianacional.cl\/index.php\/wp-json\/wp\/v2\/product_tag?post=197"}],"curies":[{"name":"wp","href":"https:\/\/api.w.org\/{rel}","templated":true}]}}