{"id":287,"date":"2018-09-14T02:31:02","date_gmt":"2018-09-14T02:31:02","guid":{"rendered":"http:\/\/www.ortopedianacional.gratishosting.cl\/?post_type=product&#038;p=287"},"modified":"2018-10-16T14:31:16","modified_gmt":"2018-10-16T14:31:16","slug":"sistema-aerolink","status":"publish","type":"product","link":"https:\/\/ortopedianacional.cl\/index.php\/product\/sistema-aerolink\/","title":{"rendered":"Sistema Aerolink"},"content":{"rendered":"","protected":false},"excerpt":{"rendered":"<h2 class=\"gamma\"><a>Mayor libertad de movimientos para personas con amputaci\u00f3n transtibial<\/a><\/h2>\n<p>Despu\u00e9s de una amputaci\u00f3n transtibial, las personas activas quieren saber principalmente qu\u00e9 sistema prot\u00e9sico satisfar\u00e1 de la mejor manera sus necesidades y exigencias con respecto a una vida activa e independiente. Adem\u00e1s de una gran comodidad de uso y un ajuste seguro del mu\u00f1\u00f3n dentro del encaje prot\u00e9sico, otra necesidad fundamental es el disponer de la m\u00e1xima movilidad en la vida cotidiana.<\/p>\n<p>Con el sistema de vac\u00edo AeroLink hemos desarrollado una tecnolog\u00eda que ofrece a las personas con amputaci\u00f3n transtibial precisamente esta ventaja. Su dise\u00f1o innovador, que no necesita una rodillera aislante, proporciona una libertad de movimientos nueva. Gracias a la ausencia de material en el \u00e1rea de la rodilla, usted puede realizar actividades cotidianas que antes se relacionaban con mucho esfuerzo. Agacharse sin tener que extender la rodilla hacia un lado o sentarse en una postura relajada en el asiento trasero de un coche son solo algunos ejemplos de su nueva movilidad. Una ventaja adicional: gracias a su fina estructura, el sistema AeroLink tiene un aspecto atractivo.<\/p>\n<p>Su t\u00e9cnico ortop\u00e9dico estar\u00e1 encantado de explicarle cada uno de los componentes del sistema as\u00ed como la posibilidad de combinarlo con una bomba Harmony para generar un vac\u00edo activo.<\/p>\n","protected":false},"featured_media":736,"comment_status":"closed","ping_status":"closed","template":"","meta":[],"product_cat":[29],"product_tag":[],"class_list":{"0":"post-287","1":"product","2":"type-product","3":"status-publish","4":"has-post-thumbnail","6":"product_cat-sistemas-de-anclaje","8":"first","9":"instock","10":"shipping-taxable","11":"product-type-simple"},"_links":{"self":[{"href":"https:\/\/ortopedianacional.cl\/index.php\/wp-json\/wp\/v2\/product\/287"}],"collection":[{"href":"https:\/\/ortopedianacional.cl\/index.php\/wp-json\/wp\/v2\/product"}],"about":[{"href":"https:\/\/ortopedianacional.cl\/index.php\/wp-json\/wp\/v2\/types\/product"}],"replies":[{"embeddable":true,"href":"https:\/\/ortopedianacional.cl\/index.php\/wp-json\/wp\/v2\/comments?post=287"}],"wp:featuredmedia":[{"embeddable":true,"href":"https:\/\/ortopedianacional.cl\/index.php\/wp-json\/wp\/v2\/media\/736"}],"wp:attachment":[{"href":"https:\/\/ortopedianacional.cl\/index.php\/wp-json\/wp\/v2\/media?parent=287"}],"wp:term":[{"taxonomy":"product_cat","embeddable":true,"href":"https:\/\/ortopedianacional.cl\/index.php\/wp-json\/wp\/v2\/product_cat?post=287"},{"taxonomy":"product_tag","embeddable":true,"href":"https:\/\/ortopedianacional.cl\/index.php\/wp-json\/wp\/v2\/product_tag?post=287"}],"curies":[{"name":"wp","href":"https:\/\/api.w.org\/{rel}","templated":true}]}}