{"id":294,"date":"2018-09-14T03:14:10","date_gmt":"2018-09-14T03:14:10","guid":{"rendered":"http:\/\/www.ortopedianacional.gratishosting.cl\/?post_type=product&#038;p=294"},"modified":"2018-10-16T14:21:34","modified_gmt":"2018-10-16T14:21:34","slug":"articulacion-hidraulica-de-cadera-e710-helix-3d","status":"publish","type":"product","link":"https:\/\/ortopedianacional.cl\/index.php\/product\/articulacion-hidraulica-de-cadera-e710-helix-3d\/","title":{"rendered":"Articulaci\u00f3n Hidr\u00e1ulica de Cadera E710 Helix 3D"},"content":{"rendered":"","protected":false},"excerpt":{"rendered":"<h3 class=\"heading-base-highlight\" data-bind=\"html: initial.inner.headline\">Seguridad mejorada, reacci\u00f3n din\u00e1mica y comodidad<\/h3>\n<div class=\"hotspot-copy\" data-bind=\"html: initial.inner.copy\">\n<p>Con el sistema de articulaci\u00f3n de cadera Helix 3D, Ottobock est\u00e1 estableciendo est\u00e1ndares de protetizaci\u00f3n nuevos para personas con amputaci\u00f3n de la articulaci\u00f3n de cadera despu\u00e9s de que el desarrollo tecnol\u00f3gico estuviese parado durante varias d\u00e9cadas. Es adecuado tanto para aquellas personas que conservan la pelvis (desarticulaci\u00f3n de cadera) como para aquellas a quienes se les tuvo que amputar la pelvis parcialmente (hemipelvectom\u00eda).<\/p>\n<p>En el ciclo de marcha natural, la pelvis rota y se mueve en tres dimensiones. Sin embargo, al realizar los movimientos de compensaci\u00f3n correspondientes con la pierna sana, somos capaces de bajar el pie con la punta mirando hacia delante. El sistema de articulaci\u00f3n de cadera Helix3D reemplaza con su singular dise\u00f1o de la articulaci\u00f3n esta capacidad de rotaci\u00f3n interior y exterior que se pierde tras la amputaci\u00f3n. El sistema hidr\u00e1ulico en miniatura integrado en la articulaci\u00f3n de cadera controla los patrones de movimiento tridimensionales en las fases de apoyo y de balanceo. Esto permite que el patr\u00f3n de movimientos sea mucho m\u00e1s fisiol\u00f3gico en comparaci\u00f3n con los sistemas convencionales, los cuales permiten normalmente realizar solo movimientos unidimensionales pendulares hacia delante y hacia atr\u00e1s sin controlarlos din\u00e1micamente.<\/p>\n<\/div>\n","protected":false},"featured_media":732,"comment_status":"closed","ping_status":"closed","template":"","meta":[],"product_cat":[30],"product_tag":[],"class_list":{"0":"post-294","1":"product","2":"type-product","3":"status-publish","4":"has-post-thumbnail","6":"product_cat-articulacion-de-cadera","8":"first","9":"instock","10":"shipping-taxable","11":"product-type-simple"},"_links":{"self":[{"href":"https:\/\/ortopedianacional.cl\/index.php\/wp-json\/wp\/v2\/product\/294"}],"collection":[{"href":"https:\/\/ortopedianacional.cl\/index.php\/wp-json\/wp\/v2\/product"}],"about":[{"href":"https:\/\/ortopedianacional.cl\/index.php\/wp-json\/wp\/v2\/types\/product"}],"replies":[{"embeddable":true,"href":"https:\/\/ortopedianacional.cl\/index.php\/wp-json\/wp\/v2\/comments?post=294"}],"wp:featuredmedia":[{"embeddable":true,"href":"https:\/\/ortopedianacional.cl\/index.php\/wp-json\/wp\/v2\/media\/732"}],"wp:attachment":[{"href":"https:\/\/ortopedianacional.cl\/index.php\/wp-json\/wp\/v2\/media?parent=294"}],"wp:term":[{"taxonomy":"product_cat","embeddable":true,"href":"https:\/\/ortopedianacional.cl\/index.php\/wp-json\/wp\/v2\/product_cat?post=294"},{"taxonomy":"product_tag","embeddable":true,"href":"https:\/\/ortopedianacional.cl\/index.php\/wp-json\/wp\/v2\/product_tag?post=294"}],"curies":[{"name":"wp","href":"https:\/\/api.w.org\/{rel}","templated":true}]}}