{"id":303,"date":"2018-09-14T03:24:22","date_gmt":"2018-09-14T03:24:22","guid":{"rendered":"http:\/\/www.ortopedianacional.gratishosting.cl\/?post_type=product&#038;p=303"},"modified":"2018-10-16T14:13:30","modified_gmt":"2018-10-16T14:13:30","slug":"articulacion-cadera-con-impulsor-externo-7e4","status":"publish","type":"product","link":"https:\/\/ortopedianacional.cl\/index.php\/product\/articulacion-cadera-con-impulsor-externo-7e4\/","title":{"rendered":"Articulaci\u00f3n  Cadera con impulsor externo 7E4"},"content":{"rendered":"","protected":false},"excerpt":{"rendered":"<p>La aplicaci\u00f3n de nuestro sistema modular ha hecho posible mejorar considerablemente las protetizaciones en amputaci\u00f3n de cadera.\u00a0Muy similar en dise\u00f1o a la Articulaci\u00f3n Modular de Cadera\u00a07E5.<\/p>\n<p>En\u00a0lugar del bloqueo lleva incorporado un dispositivo de extensi\u00f3n con gomas el\u00e1sticas de tracci\u00f3n en la parte lateral y tope regulable.\u00a0El dispositivo de extensi\u00f3n limita el movimiento de la articulaci\u00f3n en la marcha.<\/p>\n","protected":false},"featured_media":727,"comment_status":"closed","ping_status":"closed","template":"","meta":[],"product_cat":[30],"product_tag":[],"class_list":{"0":"post-303","1":"product","2":"type-product","3":"status-publish","4":"has-post-thumbnail","6":"product_cat-articulacion-de-cadera","8":"first","9":"instock","10":"shipping-taxable","11":"product-type-simple"},"_links":{"self":[{"href":"https:\/\/ortopedianacional.cl\/index.php\/wp-json\/wp\/v2\/product\/303"}],"collection":[{"href":"https:\/\/ortopedianacional.cl\/index.php\/wp-json\/wp\/v2\/product"}],"about":[{"href":"https:\/\/ortopedianacional.cl\/index.php\/wp-json\/wp\/v2\/types\/product"}],"replies":[{"embeddable":true,"href":"https:\/\/ortopedianacional.cl\/index.php\/wp-json\/wp\/v2\/comments?post=303"}],"wp:featuredmedia":[{"embeddable":true,"href":"https:\/\/ortopedianacional.cl\/index.php\/wp-json\/wp\/v2\/media\/727"}],"wp:attachment":[{"href":"https:\/\/ortopedianacional.cl\/index.php\/wp-json\/wp\/v2\/media?parent=303"}],"wp:term":[{"taxonomy":"product_cat","embeddable":true,"href":"https:\/\/ortopedianacional.cl\/index.php\/wp-json\/wp\/v2\/product_cat?post=303"},{"taxonomy":"product_tag","embeddable":true,"href":"https:\/\/ortopedianacional.cl\/index.php\/wp-json\/wp\/v2\/product_tag?post=303"}],"curies":[{"name":"wp","href":"https:\/\/api.w.org\/{rel}","templated":true}]}}