{"id":318,"date":"2018-09-14T03:58:13","date_gmt":"2018-09-14T03:58:13","guid":{"rendered":"http:\/\/www.ortopedianacional.gratishosting.cl\/?post_type=product&#038;p=318"},"modified":"2018-10-16T14:01:03","modified_gmt":"2018-10-16T14:01:03","slug":"rodilla-3r80","status":"publish","type":"product","link":"https:\/\/ortopedianacional.cl\/index.php\/product\/rodilla-3r80\/","title":{"rendered":"Rodilla 3R80"},"content":{"rendered":"","protected":false},"excerpt":{"rendered":"<h2 class=\"gamma\"><a>Mayor independencia con la articulaci\u00f3n 3R80<\/a><\/h2>\n<p>Como usuario de pr\u00f3tesis, usted quiere estar seguro de que su articulaci\u00f3n de rodilla satisfar\u00e1 sus necesidades en el d\u00eda a d\u00eda y de que podr\u00e1 caminar con ella a velocidades cambiantes. Nuestra labor continua de desarrollo tiene como objetivo ofrecerle una articulaci\u00f3n que le permita ser tan independiente como sea posible en la vida cotidiana.<br \/>\nLa 3R80 con su singular principio de sistema hidr\u00e1ulico rotativo est\u00e1 indicada tambi\u00e9n ahora para usuarios de pr\u00f3tesis con un peso m\u00e1ximo de 150 kg. El sistema hidr\u00e1ulico de la 3R80 controla ambas fases de apoyo y de balanceo. Por ejemplo, es posible bajar escaleras alternando los pasos o bajar por pendientes eficazmente incluso a distintas velocidades gracias a un patr\u00f3n de marcha muy similar al fisiol\u00f3gico. La 3R80 es resistente al agua hasta una profundidad de 3 metros y dispone de un bloqueo manual para una mayor seguridad, especialmente en zonas mojadas.<\/p>\n","protected":false},"featured_media":725,"comment_status":"closed","ping_status":"closed","template":"","meta":[],"product_cat":[27],"product_tag":[],"class_list":{"0":"post-318","1":"product","2":"type-product","3":"status-publish","4":"has-post-thumbnail","6":"product_cat-rodillas-protesicas","8":"first","9":"instock","10":"shipping-taxable","11":"product-type-simple"},"_links":{"self":[{"href":"https:\/\/ortopedianacional.cl\/index.php\/wp-json\/wp\/v2\/product\/318"}],"collection":[{"href":"https:\/\/ortopedianacional.cl\/index.php\/wp-json\/wp\/v2\/product"}],"about":[{"href":"https:\/\/ortopedianacional.cl\/index.php\/wp-json\/wp\/v2\/types\/product"}],"replies":[{"embeddable":true,"href":"https:\/\/ortopedianacional.cl\/index.php\/wp-json\/wp\/v2\/comments?post=318"}],"wp:featuredmedia":[{"embeddable":true,"href":"https:\/\/ortopedianacional.cl\/index.php\/wp-json\/wp\/v2\/media\/725"}],"wp:attachment":[{"href":"https:\/\/ortopedianacional.cl\/index.php\/wp-json\/wp\/v2\/media?parent=318"}],"wp:term":[{"taxonomy":"product_cat","embeddable":true,"href":"https:\/\/ortopedianacional.cl\/index.php\/wp-json\/wp\/v2\/product_cat?post=318"},{"taxonomy":"product_tag","embeddable":true,"href":"https:\/\/ortopedianacional.cl\/index.php\/wp-json\/wp\/v2\/product_tag?post=318"}],"curies":[{"name":"wp","href":"https:\/\/api.w.org\/{rel}","templated":true}]}}