{"id":319,"date":"2018-09-14T03:59:02","date_gmt":"2018-09-14T03:59:02","guid":{"rendered":"http:\/\/www.ortopedianacional.gratishosting.cl\/?post_type=product&#038;p=319"},"modified":"2018-10-16T13:58:41","modified_gmt":"2018-10-16T13:58:41","slug":"rodilla-3r95","status":"publish","type":"product","link":"https:\/\/ortopedianacional.cl\/index.php\/product\/rodilla-3r95\/","title":{"rendered":"Rodilla 3R95"},"content":{"rendered":"","protected":false},"excerpt":{"rendered":"<h2 class=\"gamma\"><a>Peque\u00f1a y din\u00e1mica para usuarios activos<\/a><\/h2>\n<p>La rodilla es un elemento central del aparato locomotor humano. Despu\u00e9s de una amputaci\u00f3n, particularmente los pacientes activos quieren asegurarse de que el reemplazo prot\u00e9sico sea lo m\u00e1s din\u00e1mico posible. Adecuada para grados de movilidad de moderados a altos, la articulaci\u00f3n ofrece una enorme resistencia incluso con su elevado nivel de flexi\u00f3n. Para satisfacer estos requisitos hemos desarrollado la peque\u00f1a y din\u00e1mica articulaci\u00f3n de rodilla ligera 3R95 en dos versiones.<\/p>\n<p>Las dos articulaciones de rodilla ligeras destacan por sus posibilidades sencillas de ajuste. Gracias a su dise\u00f1o compacto, las articulaciones tambi\u00e9n son perfectamente adecuadas para adaptaciones cosm\u00e9ticas para mujeres y j\u00f3venes. La 3R95 con un \u00e1ngulo de flexi\u00f3n de 135\u00b0 est\u00e1 indicada para un peso corporal m\u00e1ximo de 150 kilogramos, y la 3R95=1 con un \u00e1ngulo de flexi\u00f3n de hasta 155\u00b0 ha sido dise\u00f1ada especialmente para usuarios de pr\u00f3tesis con un peso corporal m\u00e1ximo de 75 kilogramos. Su especialista en ortopedia estar\u00e1 encantado de asesorarle sobre las opciones disponibles para combinar la articulaci\u00f3n de rodilla con pies prot\u00e9sicos din\u00e1micos.<\/p>\n","protected":false},"featured_media":724,"comment_status":"closed","ping_status":"closed","template":"","meta":[],"product_cat":[27],"product_tag":[],"class_list":{"0":"post-319","1":"product","2":"type-product","3":"status-publish","4":"has-post-thumbnail","6":"product_cat-rodillas-protesicas","8":"first","9":"instock","10":"shipping-taxable","11":"product-type-simple"},"_links":{"self":[{"href":"https:\/\/ortopedianacional.cl\/index.php\/wp-json\/wp\/v2\/product\/319"}],"collection":[{"href":"https:\/\/ortopedianacional.cl\/index.php\/wp-json\/wp\/v2\/product"}],"about":[{"href":"https:\/\/ortopedianacional.cl\/index.php\/wp-json\/wp\/v2\/types\/product"}],"replies":[{"embeddable":true,"href":"https:\/\/ortopedianacional.cl\/index.php\/wp-json\/wp\/v2\/comments?post=319"}],"wp:featuredmedia":[{"embeddable":true,"href":"https:\/\/ortopedianacional.cl\/index.php\/wp-json\/wp\/v2\/media\/724"}],"wp:attachment":[{"href":"https:\/\/ortopedianacional.cl\/index.php\/wp-json\/wp\/v2\/media?parent=319"}],"wp:term":[{"taxonomy":"product_cat","embeddable":true,"href":"https:\/\/ortopedianacional.cl\/index.php\/wp-json\/wp\/v2\/product_cat?post=319"},{"taxonomy":"product_tag","embeddable":true,"href":"https:\/\/ortopedianacional.cl\/index.php\/wp-json\/wp\/v2\/product_tag?post=319"}],"curies":[{"name":"wp","href":"https:\/\/api.w.org\/{rel}","templated":true}]}}