{"id":321,"date":"2018-09-14T04:01:17","date_gmt":"2018-09-14T04:01:17","guid":{"rendered":"http:\/\/www.ortopedianacional.gratishosting.cl\/?post_type=product&#038;p=321"},"modified":"2018-10-16T13:51:59","modified_gmt":"2018-10-16T13:51:59","slug":"rodilla-bloqueo-manual","status":"publish","type":"product","link":"https:\/\/ortopedianacional.cl\/index.php\/product\/rodilla-bloqueo-manual\/","title":{"rendered":"Rodilla Bloqueo Manual"},"content":{"rendered":"","protected":false},"excerpt":{"rendered":"<p>&nbsp;<\/p>\n<h2 class=\"gamma\"><a>La seguridad simplificada<\/a><\/h2>\n<p>Buenas noticias para los amputados transfemorales que se mueven mayoritariamente en su casa y que precisan de una alta seguridad. Nuestra articulaci\u00f3n de rodilla modular manual &#8211; fabricada en materiales sint\u00e9ticos de alta tecnolog\u00eda &#8211; no es solamente muy ligera sino muy sencilla de manejar. Esto es gracias a un innovativo mecanismo de bloqueo. Incluso bajo carga parcial, el desbloqueo se realiza de manera sencilla. El mecanismo de bloqueo fija la rodilla de manera autom\u00e1tica cuando \u00e9sta est\u00e1 completamente extendida. El bloqueo se oye y se siente.<\/p>\n<p>El moderno dise\u00f1o de la articulaci\u00f3n ofrece beneficios funcionales. La pesta\u00f1a frontal de pl\u00e1stico evita pellizcarse los dedos con el mecanismo y a su vez protege la funda cosm\u00e9tica. Adem\u00e1s el material apenas requiere mantenimiento y es resistente a salpicaduras. La articulaci\u00f3n de rodilla soporta pesos de hasta 100kgs.<\/p>\n","protected":false},"featured_media":722,"comment_status":"closed","ping_status":"closed","template":"","meta":[],"product_cat":[27],"product_tag":[],"class_list":{"0":"post-321","1":"product","2":"type-product","3":"status-publish","4":"has-post-thumbnail","6":"product_cat-rodillas-protesicas","8":"first","9":"instock","10":"shipping-taxable","11":"product-type-simple"},"_links":{"self":[{"href":"https:\/\/ortopedianacional.cl\/index.php\/wp-json\/wp\/v2\/product\/321"}],"collection":[{"href":"https:\/\/ortopedianacional.cl\/index.php\/wp-json\/wp\/v2\/product"}],"about":[{"href":"https:\/\/ortopedianacional.cl\/index.php\/wp-json\/wp\/v2\/types\/product"}],"replies":[{"embeddable":true,"href":"https:\/\/ortopedianacional.cl\/index.php\/wp-json\/wp\/v2\/comments?post=321"}],"wp:featuredmedia":[{"embeddable":true,"href":"https:\/\/ortopedianacional.cl\/index.php\/wp-json\/wp\/v2\/media\/722"}],"wp:attachment":[{"href":"https:\/\/ortopedianacional.cl\/index.php\/wp-json\/wp\/v2\/media?parent=321"}],"wp:term":[{"taxonomy":"product_cat","embeddable":true,"href":"https:\/\/ortopedianacional.cl\/index.php\/wp-json\/wp\/v2\/product_cat?post=321"},{"taxonomy":"product_tag","embeddable":true,"href":"https:\/\/ortopedianacional.cl\/index.php\/wp-json\/wp\/v2\/product_tag?post=321"}],"curies":[{"name":"wp","href":"https:\/\/api.w.org\/{rel}","templated":true}]}}