{"id":322,"date":"2018-09-14T04:01:58","date_gmt":"2018-09-14T04:01:58","guid":{"rendered":"http:\/\/www.ortopedianacional.gratishosting.cl\/?post_type=product&#038;p=322"},"modified":"2018-10-16T13:50:46","modified_gmt":"2018-10-16T13:50:46","slug":"rodilla-3r78","status":"publish","type":"product","link":"https:\/\/ortopedianacional.cl\/index.php\/product\/rodilla-3r78\/","title":{"rendered":"Rodilla 3R78"},"content":{"rendered":"","protected":false},"excerpt":{"rendered":"<h2 class=\"gamma\"><a>Articulaci\u00f3n de rodilla para una mejor libertad de movimiento<\/a><\/h2>\n<p>\u00bfEs usted un usuario de pr\u00f3tesis con un nivel de actividad moderado que necesita una articulaci\u00f3n de rodilla ligera que ofrezca seguridad en la fase de apoyo y movimientos armoniosos? En ese caso, lo ideal para usted es nuestra robusta articulaci\u00f3n de rodilla 3R78, dise\u00f1ada para resistir el polvo y las condiciones clim\u00e1ticas, y que dispone tambi\u00e9n de un control neum\u00e1tico de la fase de balanceo. Unos movimientos armoniosos de flexi\u00f3n y extensi\u00f3n le permiten obtener un patr\u00f3n de marcha muy similar a la forma de caminar natural. La geometr\u00eda de la articulaci\u00f3n acorta de forma eficaz la pr\u00f3tesis cuando se oscila la pierna, lo que hace que aumente la distancia con respecto al suelo. Su elevado \u00e1ngulo de flexi\u00f3n de 150 grados permite una mayor libertad de movimientos. La articulaci\u00f3n de rodilla destaca tambi\u00e9n por permitir caminar a velocidades diferentes y est\u00e1 indicada para un peso corporal m\u00e1ximo de 100 kilogramos.<\/p>\n<p>Se puede adaptar de forma personalizada a sus necesidades particulares sin mayor esfuerzo. Su especialista en ortopedia puede llevar a cabo el proceso de ajuste de forma r\u00e1pida y sencilla gracias a una gu\u00eda de consulta r\u00e1pida.<\/p>\n","protected":false},"featured_media":721,"comment_status":"closed","ping_status":"closed","template":"","meta":[],"product_cat":[27],"product_tag":[],"class_list":{"0":"post-322","1":"product","2":"type-product","3":"status-publish","4":"has-post-thumbnail","6":"product_cat-rodillas-protesicas","8":"first","9":"instock","10":"shipping-taxable","11":"product-type-simple"},"_links":{"self":[{"href":"https:\/\/ortopedianacional.cl\/index.php\/wp-json\/wp\/v2\/product\/322"}],"collection":[{"href":"https:\/\/ortopedianacional.cl\/index.php\/wp-json\/wp\/v2\/product"}],"about":[{"href":"https:\/\/ortopedianacional.cl\/index.php\/wp-json\/wp\/v2\/types\/product"}],"replies":[{"embeddable":true,"href":"https:\/\/ortopedianacional.cl\/index.php\/wp-json\/wp\/v2\/comments?post=322"}],"wp:featuredmedia":[{"embeddable":true,"href":"https:\/\/ortopedianacional.cl\/index.php\/wp-json\/wp\/v2\/media\/721"}],"wp:attachment":[{"href":"https:\/\/ortopedianacional.cl\/index.php\/wp-json\/wp\/v2\/media?parent=322"}],"wp:term":[{"taxonomy":"product_cat","embeddable":true,"href":"https:\/\/ortopedianacional.cl\/index.php\/wp-json\/wp\/v2\/product_cat?post=322"},{"taxonomy":"product_tag","embeddable":true,"href":"https:\/\/ortopedianacional.cl\/index.php\/wp-json\/wp\/v2\/product_tag?post=322"}],"curies":[{"name":"wp","href":"https:\/\/api.w.org\/{rel}","templated":true}]}}