{"id":350,"date":"2018-09-14T04:52:22","date_gmt":"2018-09-14T04:52:22","guid":{"rendered":"http:\/\/www.ortopedianacional.gratishosting.cl\/?post_type=product&#038;p=350"},"modified":"2018-10-16T13:40:40","modified_gmt":"2018-10-16T13:40:40","slug":"pie-velocity","status":"publish","type":"product","link":"https:\/\/ortopedianacional.cl\/index.php\/product\/pie-velocity\/","title":{"rendered":"Pie Velocity"},"content":{"rendered":"","protected":false},"excerpt":{"rendered":"<p>Fueron recientemente redise\u00f1ados y reforzados, los resortes del pie de acoplamiento de Velocity trabajan en forma conjunta para proporcionar una respuesta progresiva y din\u00e1mica. El movimiento progresivamente m\u00e1s uniforme permite que el pie sea c\u00f3modo para caminar y se ponga r\u00e1pidamente en acci\u00f3n durante actividades de alto impacto. El pie combina una alta funcionalidad para los aventureros y el mantenimiento cero para permitirles seguir en movimiento.<\/p>\n","protected":false},"featured_media":713,"comment_status":"closed","ping_status":"closed","template":"","meta":[],"product_cat":[31],"product_tag":[],"class_list":{"0":"post-350","1":"product","2":"type-product","3":"status-publish","4":"has-post-thumbnail","6":"product_cat-pies-protesicos","8":"first","9":"instock","10":"shipping-taxable","11":"product-type-simple"},"_links":{"self":[{"href":"https:\/\/ortopedianacional.cl\/index.php\/wp-json\/wp\/v2\/product\/350"}],"collection":[{"href":"https:\/\/ortopedianacional.cl\/index.php\/wp-json\/wp\/v2\/product"}],"about":[{"href":"https:\/\/ortopedianacional.cl\/index.php\/wp-json\/wp\/v2\/types\/product"}],"replies":[{"embeddable":true,"href":"https:\/\/ortopedianacional.cl\/index.php\/wp-json\/wp\/v2\/comments?post=350"}],"wp:featuredmedia":[{"embeddable":true,"href":"https:\/\/ortopedianacional.cl\/index.php\/wp-json\/wp\/v2\/media\/713"}],"wp:attachment":[{"href":"https:\/\/ortopedianacional.cl\/index.php\/wp-json\/wp\/v2\/media?parent=350"}],"wp:term":[{"taxonomy":"product_cat","embeddable":true,"href":"https:\/\/ortopedianacional.cl\/index.php\/wp-json\/wp\/v2\/product_cat?post=350"},{"taxonomy":"product_tag","embeddable":true,"href":"https:\/\/ortopedianacional.cl\/index.php\/wp-json\/wp\/v2\/product_tag?post=350"}],"curies":[{"name":"wp","href":"https:\/\/api.w.org\/{rel}","templated":true}]}}