{"id":351,"date":"2018-09-14T04:53:18","date_gmt":"2018-09-14T04:53:18","guid":{"rendered":"http:\/\/www.ortopedianacional.gratishosting.cl\/?post_type=product&#038;p=351"},"modified":"2018-10-16T13:38:49","modified_gmt":"2018-10-16T13:38:49","slug":"pie-dinamico","status":"publish","type":"product","link":"https:\/\/ortopedianacional.cl\/index.php\/product\/pie-dinamico\/","title":{"rendered":"Pie Dinamico"},"content":{"rendered":"","protected":false},"excerpt":{"rendered":"<h2 class=\"gamma\"><a>Pie prot\u00e9sico con un aspecto natural<\/a><\/h2>\n<p>Despu\u00e9s de una amputaci\u00f3n, los usuarios de pr\u00f3tesis quieren un pie prot\u00e9sico con una gran funcionalidad y el aspecto m\u00e1s natural posible. Los pies Dynamic se caracterizan por su forma natural con una superficie lisa, los dedos de los pies con forma y el dedo gordo separado. Adem\u00e1s de la forma est\u00e1ndar del pie, ofrecemos el 1D11 con una forma de pie m\u00e1s estrecha, siendo as\u00ed particularmente adecuado para calzado de mujer o calzado estrecho de hombre.<\/p>\n<p>Las propiedades funcionales se consiguen mediante la combinaci\u00f3n probada de un n\u00facleo contorneado y una espuma funcional. Esto hace posible que el tal\u00f3n toque el suelo c\u00f3modamente y que resulte f\u00e1cil flexionar la planta del pie. La sofisticada tecnolog\u00eda de la espuma brinda al antepi\u00e9 unas caracter\u00edsticas din\u00e1micas mejoradas.<\/p>\n<p>Se recomienda el pie Dynamic para usuarios con un grado de movilidad de bajo a moderado. Su experto en ortopedia estar\u00e1 encantado de explicarle las posibilidades de combinaci\u00f3n del pie con diversos componentes prot\u00e9sicos, as\u00ed como de informarle sobre los tama\u00f1os de pie disponibles y el peso corporal m\u00e1ximo<\/p>\n","protected":false},"featured_media":712,"comment_status":"closed","ping_status":"closed","template":"","meta":[],"product_cat":[31],"product_tag":[],"class_list":{"0":"post-351","1":"product","2":"type-product","3":"status-publish","4":"has-post-thumbnail","6":"product_cat-pies-protesicos","8":"first","9":"instock","10":"shipping-taxable","11":"product-type-simple"},"_links":{"self":[{"href":"https:\/\/ortopedianacional.cl\/index.php\/wp-json\/wp\/v2\/product\/351"}],"collection":[{"href":"https:\/\/ortopedianacional.cl\/index.php\/wp-json\/wp\/v2\/product"}],"about":[{"href":"https:\/\/ortopedianacional.cl\/index.php\/wp-json\/wp\/v2\/types\/product"}],"replies":[{"embeddable":true,"href":"https:\/\/ortopedianacional.cl\/index.php\/wp-json\/wp\/v2\/comments?post=351"}],"wp:featuredmedia":[{"embeddable":true,"href":"https:\/\/ortopedianacional.cl\/index.php\/wp-json\/wp\/v2\/media\/712"}],"wp:attachment":[{"href":"https:\/\/ortopedianacional.cl\/index.php\/wp-json\/wp\/v2\/media?parent=351"}],"wp:term":[{"taxonomy":"product_cat","embeddable":true,"href":"https:\/\/ortopedianacional.cl\/index.php\/wp-json\/wp\/v2\/product_cat?post=351"},{"taxonomy":"product_tag","embeddable":true,"href":"https:\/\/ortopedianacional.cl\/index.php\/wp-json\/wp\/v2\/product_tag?post=351"}],"curies":[{"name":"wp","href":"https:\/\/api.w.org\/{rel}","templated":true}]}}