{"id":352,"date":"2018-09-14T04:54:16","date_gmt":"2018-09-14T04:54:16","guid":{"rendered":"http:\/\/www.ortopedianacional.gratishosting.cl\/?post_type=product&#038;p=352"},"modified":"2018-10-16T13:37:32","modified_gmt":"2018-10-16T13:37:32","slug":"pie-articulado","status":"publish","type":"product","link":"https:\/\/ortopedianacional.cl\/index.php\/product\/pie-articulado\/","title":{"rendered":"Pie Articulado"},"content":{"rendered":"","protected":false},"excerpt":{"rendered":"<p>Pie dise\u00f1ado para pacientes que presentan amputaci\u00f3n transfemoral o tibial, unilateral o bilateral, amputaci\u00f3n a nivel de cadera y desarticulaci\u00f3n de rodilla. Los pies se fabrican para los lados derecho e izquierdo. El m\u00f3dulo se compone de pie y tobillo con amortiguador de tal\u00f3n regulable de resistencia media. Por su dise\u00f1o, es posible ajustar la dureza del amortiguador del tal\u00f3n de forma precisa sin necesidad de desmontar la pr\u00f3tesis, a trav\u00e9s de su tornillo posterior. Los amortiguadores de recambio de alta y baja dureza se venden por separado.<br \/>\nEJEMPLO PARA LA SELECCI\u00d3N DE LA REFERENCIA<br \/>\n1H01A + 22 + L\/R &gt; 1H01A\/22L<\/p>\n","protected":false},"featured_media":711,"comment_status":"closed","ping_status":"closed","template":"","meta":[],"product_cat":[31],"product_tag":[],"class_list":{"0":"post-352","1":"product","2":"type-product","3":"status-publish","4":"has-post-thumbnail","6":"product_cat-pies-protesicos","8":"first","9":"instock","10":"shipping-taxable","11":"product-type-simple"},"_links":{"self":[{"href":"https:\/\/ortopedianacional.cl\/index.php\/wp-json\/wp\/v2\/product\/352"}],"collection":[{"href":"https:\/\/ortopedianacional.cl\/index.php\/wp-json\/wp\/v2\/product"}],"about":[{"href":"https:\/\/ortopedianacional.cl\/index.php\/wp-json\/wp\/v2\/types\/product"}],"replies":[{"embeddable":true,"href":"https:\/\/ortopedianacional.cl\/index.php\/wp-json\/wp\/v2\/comments?post=352"}],"wp:featuredmedia":[{"embeddable":true,"href":"https:\/\/ortopedianacional.cl\/index.php\/wp-json\/wp\/v2\/media\/711"}],"wp:attachment":[{"href":"https:\/\/ortopedianacional.cl\/index.php\/wp-json\/wp\/v2\/media?parent=352"}],"wp:term":[{"taxonomy":"product_cat","embeddable":true,"href":"https:\/\/ortopedianacional.cl\/index.php\/wp-json\/wp\/v2\/product_cat?post=352"},{"taxonomy":"product_tag","embeddable":true,"href":"https:\/\/ortopedianacional.cl\/index.php\/wp-json\/wp\/v2\/product_tag?post=352"}],"curies":[{"name":"wp","href":"https:\/\/api.w.org\/{rel}","templated":true}]}}