{"id":414,"date":"2018-09-14T22:52:19","date_gmt":"2018-09-14T22:52:19","guid":{"rendered":"http:\/\/www.ortopedianacional.gratishosting.cl\/?post_type=product&#038;p=414"},"modified":"2018-10-13T16:08:45","modified_gmt":"2018-10-13T16:08:45","slug":"corset-3-puntos","status":"publish","type":"product","link":"https:\/\/ortopedianacional.cl\/index.php\/product\/corset-3-puntos\/","title":{"rendered":"Corset 3 puntos"},"content":{"rendered":"","protected":false},"excerpt":{"rendered":"<p>\u00d3rtesis de hiperextensi\u00f3n de f\u00e1cil colocaci\u00f3n, ligera y discreta que permite llevarla bajo la ropa. El armaz\u00f3n est\u00e1 recubierto de aluminio aeron\u00e1utico pulverizado, moldeable con la mano, lo que permite una f\u00e1cil adaptaci\u00f3n. Apoyos en pubis y estern\u00f3n, articulados con suaves almohadillados lavables. Soporte posterior toracolumbar con refuerzo en aluminio moldeable y suave almohadillado. Sistema de tensi\u00f3n mediante hebilla \u00fanica y cincha pl\u00e1stica dentada para una r\u00e1pida colocaci\u00f3n.<\/p>\n","protected":false},"featured_media":684,"comment_status":"closed","ping_status":"closed","template":"","meta":[],"product_cat":[19],"product_tag":[],"class_list":{"0":"post-414","1":"product","2":"type-product","3":"status-publish","4":"has-post-thumbnail","6":"product_cat-ortesis-columna","8":"first","9":"instock","10":"shipping-taxable","11":"product-type-simple"},"_links":{"self":[{"href":"https:\/\/ortopedianacional.cl\/index.php\/wp-json\/wp\/v2\/product\/414"}],"collection":[{"href":"https:\/\/ortopedianacional.cl\/index.php\/wp-json\/wp\/v2\/product"}],"about":[{"href":"https:\/\/ortopedianacional.cl\/index.php\/wp-json\/wp\/v2\/types\/product"}],"replies":[{"embeddable":true,"href":"https:\/\/ortopedianacional.cl\/index.php\/wp-json\/wp\/v2\/comments?post=414"}],"wp:featuredmedia":[{"embeddable":true,"href":"https:\/\/ortopedianacional.cl\/index.php\/wp-json\/wp\/v2\/media\/684"}],"wp:attachment":[{"href":"https:\/\/ortopedianacional.cl\/index.php\/wp-json\/wp\/v2\/media?parent=414"}],"wp:term":[{"taxonomy":"product_cat","embeddable":true,"href":"https:\/\/ortopedianacional.cl\/index.php\/wp-json\/wp\/v2\/product_cat?post=414"},{"taxonomy":"product_tag","embeddable":true,"href":"https:\/\/ortopedianacional.cl\/index.php\/wp-json\/wp\/v2\/product_tag?post=414"}],"curies":[{"name":"wp","href":"https:\/\/api.w.org\/{rel}","templated":true}]}}