{"id":416,"date":"2018-09-14T22:53:33","date_gmt":"2018-09-14T22:53:33","guid":{"rendered":"http:\/\/www.ortopedianacional.gratishosting.cl\/?post_type=product&#038;p=416"},"modified":"2018-10-18T04:31:05","modified_gmt":"2018-10-18T04:31:05","slug":"corset-jewett","status":"publish","type":"product","link":"https:\/\/ortopedianacional.cl\/index.php\/product\/corset-jewett\/","title":{"rendered":"Corset Jewett"},"content":{"rendered":"","protected":false},"excerpt":{"rendered":"<p>Corset de estructura de aluminio liviano. Genera hiperextensi\u00f3n de la columna d\u00e1ndole estabilidad en todas las direcciones. Pose\u00e9 almohadillas para reducir la presi\u00f3n y proporcionar apoyo. Dise\u00f1o para facilitar el ajuste y adaptaci\u00f3n.<\/p>\n","protected":false},"featured_media":682,"comment_status":"closed","ping_status":"closed","template":"","meta":[],"product_cat":[19],"product_tag":[],"class_list":{"0":"post-416","1":"product","2":"type-product","3":"status-publish","4":"has-post-thumbnail","6":"product_cat-ortesis-columna","8":"first","9":"instock","10":"shipping-taxable","11":"product-type-simple"},"_links":{"self":[{"href":"https:\/\/ortopedianacional.cl\/index.php\/wp-json\/wp\/v2\/product\/416"}],"collection":[{"href":"https:\/\/ortopedianacional.cl\/index.php\/wp-json\/wp\/v2\/product"}],"about":[{"href":"https:\/\/ortopedianacional.cl\/index.php\/wp-json\/wp\/v2\/types\/product"}],"replies":[{"embeddable":true,"href":"https:\/\/ortopedianacional.cl\/index.php\/wp-json\/wp\/v2\/comments?post=416"}],"wp:featuredmedia":[{"embeddable":true,"href":"https:\/\/ortopedianacional.cl\/index.php\/wp-json\/wp\/v2\/media\/682"}],"wp:attachment":[{"href":"https:\/\/ortopedianacional.cl\/index.php\/wp-json\/wp\/v2\/media?parent=416"}],"wp:term":[{"taxonomy":"product_cat","embeddable":true,"href":"https:\/\/ortopedianacional.cl\/index.php\/wp-json\/wp\/v2\/product_cat?post=416"},{"taxonomy":"product_tag","embeddable":true,"href":"https:\/\/ortopedianacional.cl\/index.php\/wp-json\/wp\/v2\/product_tag?post=416"}],"curies":[{"name":"wp","href":"https:\/\/api.w.org\/{rel}","templated":true}]}}