{"id":765,"date":"2018-10-16T15:17:54","date_gmt":"2018-10-16T15:17:54","guid":{"rendered":"http:\/\/ortopedianacional.cl\/?post_type=product&#038;p=765"},"modified":"2018-10-18T04:26:58","modified_gmt":"2018-10-18T04:26:58","slug":"ferula-de-windell","status":"publish","type":"product","link":"https:\/\/ortopedianacional.cl\/index.php\/product\/ferula-de-windell\/","title":{"rendered":"Ferula de windell"},"content":{"rendered":"","protected":false},"excerpt":{"rendered":"<p>Una articulaci\u00f3n de rodilla deportiva debe soportar grandes cargas que aparecen y act\u00faan sobre la pr\u00f3tesis al correr. El principio del sistema hidr\u00e1ulico rotativo que se dio a conocer con la articulaci\u00f3n de rodilla prot\u00e9sica 3R80 y que actualmente tenemos patentado, ha sido modificado y aplicado en el modelo Sport 3S80. Adem\u00e1s, la articulaci\u00f3n dispone de un bloqueo manual. Compacta y robusta, Sport 3S80 ha sido optimizada para todo tipo de deportes de carrera.<\/p>\n<p>En el sentido de la flexi\u00f3n, la parte inferior de la pierna prot\u00e9sica oscila libremente hasta un \u00e1ngulo de flexi\u00f3n de aprox. 60\u00b0. Incluso dando pasos a un ritmo elevado se garantiza una parada suave de la extensi\u00f3n gracias a la amortiguaci\u00f3n que se produce a lo largo de todo el movimiento de extensi\u00f3n y que aumenta significativamente justo antes de alcanzar la posici\u00f3n final. Las amortiguaciones de flexi\u00f3n y de extensi\u00f3n se pueden ajustar por separado.<\/p>\n","protected":false},"featured_media":766,"comment_status":"closed","ping_status":"closed","template":"","meta":[],"product_cat":[18],"product_tag":[],"class_list":{"0":"post-765","1":"product","2":"type-product","3":"status-publish","4":"has-post-thumbnail","6":"product_cat-ortesis-cadera","8":"first","9":"instock","10":"shipping-taxable","11":"product-type-simple"},"_links":{"self":[{"href":"https:\/\/ortopedianacional.cl\/index.php\/wp-json\/wp\/v2\/product\/765"}],"collection":[{"href":"https:\/\/ortopedianacional.cl\/index.php\/wp-json\/wp\/v2\/product"}],"about":[{"href":"https:\/\/ortopedianacional.cl\/index.php\/wp-json\/wp\/v2\/types\/product"}],"replies":[{"embeddable":true,"href":"https:\/\/ortopedianacional.cl\/index.php\/wp-json\/wp\/v2\/comments?post=765"}],"wp:featuredmedia":[{"embeddable":true,"href":"https:\/\/ortopedianacional.cl\/index.php\/wp-json\/wp\/v2\/media\/766"}],"wp:attachment":[{"href":"https:\/\/ortopedianacional.cl\/index.php\/wp-json\/wp\/v2\/media?parent=765"}],"wp:term":[{"taxonomy":"product_cat","embeddable":true,"href":"https:\/\/ortopedianacional.cl\/index.php\/wp-json\/wp\/v2\/product_cat?post=765"},{"taxonomy":"product_tag","embeddable":true,"href":"https:\/\/ortopedianacional.cl\/index.php\/wp-json\/wp\/v2\/product_tag?post=765"}],"curies":[{"name":"wp","href":"https:\/\/api.w.org\/{rel}","templated":true}]}}