{"id":781,"date":"2019-05-09T14:24:24","date_gmt":"2019-05-09T14:24:24","guid":{"rendered":"http:\/\/ortopedianacional.cl\/?post_type=product&#038;p=781"},"modified":"2019-05-09T14:26:33","modified_gmt":"2019-05-09T14:26:33","slug":"rodilla-3a2500","status":"publish","type":"product","link":"https:\/\/ortopedianacional.cl\/index.php\/product\/rodilla-3a2500\/","title":{"rendered":"Rodilla 3A2500"},"content":{"rendered":"","protected":false},"excerpt":{"rendered":"<p>La rodilla hidr\u00e1ulica <strong>3A2500 KINEGEN.stream<\/strong> est\u00e1 dise\u00f1ada pensando en los usuarios m\u00e1s activos que deseen una articulaci\u00f3n de rodilla segura y eficaz.<\/p>\n<p>Gracias a su nuevo dise\u00f1o polic\u00e9ntrico, la rodilla <strong>3A2500<\/strong> ofrece un nivel de amortiguaci\u00f3n del peso sin precedente, lo que se traduce en un mayor comodidad para al usuario, tanto al caminar como al estar quieto de pie.<\/p>\n","protected":false},"featured_media":782,"comment_status":"open","ping_status":"closed","template":"","meta":[],"product_cat":[27],"product_tag":[],"class_list":{"0":"post-781","1":"product","2":"type-product","3":"status-publish","4":"has-post-thumbnail","6":"product_cat-rodillas-protesicas","8":"first","9":"instock","10":"shipping-taxable","11":"product-type-simple"},"_links":{"self":[{"href":"https:\/\/ortopedianacional.cl\/index.php\/wp-json\/wp\/v2\/product\/781"}],"collection":[{"href":"https:\/\/ortopedianacional.cl\/index.php\/wp-json\/wp\/v2\/product"}],"about":[{"href":"https:\/\/ortopedianacional.cl\/index.php\/wp-json\/wp\/v2\/types\/product"}],"replies":[{"embeddable":true,"href":"https:\/\/ortopedianacional.cl\/index.php\/wp-json\/wp\/v2\/comments?post=781"}],"wp:featuredmedia":[{"embeddable":true,"href":"https:\/\/ortopedianacional.cl\/index.php\/wp-json\/wp\/v2\/media\/782"}],"wp:attachment":[{"href":"https:\/\/ortopedianacional.cl\/index.php\/wp-json\/wp\/v2\/media?parent=781"}],"wp:term":[{"taxonomy":"product_cat","embeddable":true,"href":"https:\/\/ortopedianacional.cl\/index.php\/wp-json\/wp\/v2\/product_cat?post=781"},{"taxonomy":"product_tag","embeddable":true,"href":"https:\/\/ortopedianacional.cl\/index.php\/wp-json\/wp\/v2\/product_tag?post=781"}],"curies":[{"name":"wp","href":"https:\/\/api.w.org\/{rel}","templated":true}]}}